{"id":13,"date":"2024-04-17T10:17:21","date_gmt":"2024-04-17T08:17:21","guid":{"rendered":"https:\/\/smile-killer.com\/commander\/"},"modified":"2024-04-17T10:17:21","modified_gmt":"2024-04-17T08:17:21","slug":"commander","status":"publish","type":"page","link":"https:\/\/smile-killer.com\/en\/commander\/","title":{"rendered":"Validation de la commande"},"content":{"rendered":"<div class=\"woocommerce\"><\/div>","protected":false},"excerpt":{"rendered":"","protected":false},"author":1,"featured_media":0,"parent":0,"menu_order":0,"comment_status":"closed","ping_status":"closed","template":"","meta":{"_uag_custom_page_level_css":"","site-sidebar-layout":"default","site-content-layout":"","ast-site-content-layout":"default","site-content-style":"default","site-sidebar-style":"default","ast-global-header-display":"","ast-banner-title-visibility":"","ast-main-header-display":"","ast-hfb-above-header-display":"","ast-hfb-below-header-display":"","ast-hfb-mobile-header-display":"","site-post-title":"","ast-breadcrumbs-content":"","ast-featured-img":"","footer-sml-layout":"","theme-transparent-header-meta":"","adv-header-id-meta":"","stick-header-meta":"","header-above-stick-meta":"","header-main-stick-meta":"","header-below-stick-meta":"","astra-migrate-meta-layouts":"default","ast-page-background-enabled":"default","ast-page-background-meta":{"desktop":{"background-color":"","background-image":"","background-repeat":"repeat","background-position":"center center","background-size":"auto","background-attachment":"scroll","background-type":"","background-media":"","overlay-type":"","overlay-color":"","overlay-opacity":"","overlay-gradient":""},"tablet":{"background-color":"","background-image":"","background-repeat":"repeat","background-position":"center center","background-size":"auto","background-attachment":"scroll","background-type":"","background-media":"","overlay-type":"","overlay-color":"","overlay-opacity":"","overlay-gradient":""},"mobile":{"background-color":"","background-image":"","background-repeat":"repeat","background-position":"center center","background-size":"auto","background-attachment":"scroll","background-type":"","background-media":"","overlay-type":"","overlay-color":"","overlay-opacity":"","overlay-gradient":""}},"ast-content-background-meta":{"desktop":{"background-color":"var(--ast-global-color-5)","background-image":"","background-repeat":"repeat","background-position":"center center","background-size":"auto","background-attachment":"scroll","background-type":"","background-media":"","overlay-type":"","overlay-color":"","overlay-opacity":"","overlay-gradient":""},"tablet":{"background-color":"var(--ast-global-color-5)","background-image":"","background-repeat":"repeat","background-position":"center center","background-size":"auto","background-attachment":"scroll","background-type":"","background-media":"","overlay-type":"","overlay-color":"","overlay-opacity":"","overlay-gradient":""},"mobile":{"background-color":"var(--ast-global-color-5)","background-image":"","background-repeat":"repeat","background-position":"center center","background-size":"auto","background-attachment":"scroll","background-type":"","background-media":"","overlay-type":"","overlay-color":"","overlay-opacity":"","overlay-gradient":""}},"footnotes":""},"class_list":["post-13","page","type-page","status-publish","hentry"],"yoast_head":"<!-- This site is optimized with the Yoast SEO plugin v26.4 - https:\/\/yoast.com\/wordpress\/plugins\/seo\/ -->\n<title>Validation de la commande - Smile Killer<\/title>\n<meta name=\"robots\" content=\"index, follow, max-snippet:-1, max-image-preview:large, max-video-preview:-1\" \/>\n<link rel=\"canonical\" href=\"https:\/\/smile-killer.com\/en\/commander\/\" \/>\n<meta property=\"og:locale\" content=\"en_GB\" \/>\n<meta property=\"og:type\" content=\"article\" \/>\n<meta property=\"og:title\" content=\"Validation de la commande - Smile Killer\" \/>\n<meta property=\"og:url\" content=\"https:\/\/smile-killer.com\/en\/commander\/\" \/>\n<meta property=\"og:site_name\" content=\"Smile Killer\" \/>\n<meta name=\"twitter:card\" content=\"summary_large_image\" \/>\n<script type=\"application\/ld+json\" class=\"yoast-schema-graph\">{\"@context\":\"https:\/\/schema.org\",\"@graph\":[{\"@type\":\"WebPage\",\"@id\":\"https:\/\/smile-killer.com\/commander\/\",\"url\":\"https:\/\/smile-killer.com\/commander\/\",\"name\":\"Validation de la commande - Smile Killer\",\"isPartOf\":{\"@id\":\"https:\/\/smile-killer.com\/#website\"},\"datePublished\":\"2024-04-17T08:17:21+00:00\",\"breadcrumb\":{\"@id\":\"https:\/\/smile-killer.com\/commander\/#breadcrumb\"},\"inLanguage\":\"en-GB\",\"potentialAction\":[{\"@type\":\"ReadAction\",\"target\":[\"https:\/\/smile-killer.com\/commander\/\"]}]},{\"@type\":\"BreadcrumbList\",\"@id\":\"https:\/\/smile-killer.com\/commander\/#breadcrumb\",\"itemListElement\":[{\"@type\":\"ListItem\",\"position\":1,\"name\":\"Accueil\",\"item\":\"https:\/\/smile-killer.com\/\"},{\"@type\":\"ListItem\",\"position\":2,\"name\":\"Validation de la commande\"}]},{\"@type\":\"WebSite\",\"@id\":\"https:\/\/smile-killer.com\/#website\",\"url\":\"https:\/\/smile-killer.com\/\",\"name\":\"Smile Killer\",\"description\":\"Con\u00e7u pour les combattants. Port\u00e9 par les l\u00e9gendes.\",\"publisher\":{\"@id\":\"https:\/\/smile-killer.com\/#organization\"},\"potentialAction\":[{\"@type\":\"SearchAction\",\"target\":{\"@type\":\"EntryPoint\",\"urlTemplate\":\"https:\/\/smile-killer.com\/?s={search_term_string}\"},\"query-input\":{\"@type\":\"PropertyValueSpecification\",\"valueRequired\":true,\"valueName\":\"search_term_string\"}}],\"inLanguage\":\"en-GB\"},{\"@type\":\"Organization\",\"@id\":\"https:\/\/smile-killer.com\/#organization\",\"name\":\"Smile Killer\",\"alternateName\":\"Smile Killer\",\"url\":\"https:\/\/smile-killer.com\/\",\"logo\":{\"@type\":\"ImageObject\",\"inLanguage\":\"en-GB\",\"@id\":\"https:\/\/smile-killer.com\/#\/schema\/logo\/image\/\",\"url\":\"https:\/\/smile-killer.com\/wp-content\/uploads\/2025\/01\/SK_noir_logo.png\",\"contentUrl\":\"https:\/\/smile-killer.com\/wp-content\/uploads\/2025\/01\/SK_noir_logo.png\",\"width\":1280,\"height\":719,\"caption\":\"Smile Killer\"},\"image\":{\"@id\":\"https:\/\/smile-killer.com\/#\/schema\/logo\/image\/\"},\"sameAs\":[\"https:\/\/www.instagram.com\/smilekiller_shop\/\"]}]}<\/script>\n<!-- \/ Yoast SEO plugin. -->","yoast_head_json":{"title":"Validation de la commande - Smile Killer","robots":{"index":"index","follow":"follow","max-snippet":"max-snippet:-1","max-image-preview":"max-image-preview:large","max-video-preview":"max-video-preview:-1"},"canonical":"https:\/\/smile-killer.com\/en\/commander\/","og_locale":"en_GB","og_type":"article","og_title":"Validation de la commande - Smile Killer","og_url":"https:\/\/smile-killer.com\/en\/commander\/","og_site_name":"Smile Killer","twitter_card":"summary_large_image","schema":{"@context":"https:\/\/schema.org","@graph":[{"@type":"WebPage","@id":"https:\/\/smile-killer.com\/commander\/","url":"https:\/\/smile-killer.com\/commander\/","name":"Validation de la commande - Smile Killer","isPartOf":{"@id":"https:\/\/smile-killer.com\/#website"},"datePublished":"2024-04-17T08:17:21+00:00","breadcrumb":{"@id":"https:\/\/smile-killer.com\/commander\/#breadcrumb"},"inLanguage":"en-GB","potentialAction":[{"@type":"ReadAction","target":["https:\/\/smile-killer.com\/commander\/"]}]},{"@type":"BreadcrumbList","@id":"https:\/\/smile-killer.com\/commander\/#breadcrumb","itemListElement":[{"@type":"ListItem","position":1,"name":"Accueil","item":"https:\/\/smile-killer.com\/"},{"@type":"ListItem","position":2,"name":"Validation de la commande"}]},{"@type":"WebSite","@id":"https:\/\/smile-killer.com\/#website","url":"https:\/\/smile-killer.com\/","name":"Smile Killer","description":"Gear up like a fighter. Dress like a legend.","publisher":{"@id":"https:\/\/smile-killer.com\/#organization"},"potentialAction":[{"@type":"SearchAction","target":{"@type":"EntryPoint","urlTemplate":"https:\/\/smile-killer.com\/?s={search_term_string}"},"query-input":{"@type":"PropertyValueSpecification","valueRequired":true,"valueName":"search_term_string"}}],"inLanguage":"en-GB"},{"@type":"Organization","@id":"https:\/\/smile-killer.com\/#organization","name":"Smile Killer","alternateName":"Smile Killer","url":"https:\/\/smile-killer.com\/","logo":{"@type":"ImageObject","inLanguage":"en-GB","@id":"https:\/\/smile-killer.com\/#\/schema\/logo\/image\/","url":"https:\/\/smile-killer.com\/wp-content\/uploads\/2025\/01\/SK_noir_logo.png","contentUrl":"https:\/\/smile-killer.com\/wp-content\/uploads\/2025\/01\/SK_noir_logo.png","width":1280,"height":719,"caption":"Smile Killer"},"image":{"@id":"https:\/\/smile-killer.com\/#\/schema\/logo\/image\/"},"sameAs":["https:\/\/www.instagram.com\/smilekiller_shop\/"]}]}},"uagb_featured_image_src":{"full":false,"thumbnail":false,"medium":false,"medium_large":false,"large":false,"1536x1536":false,"2048x2048":false,"trp-custom-language-flag":false,"woocommerce_thumbnail":false,"woocommerce_single":false,"woocommerce_gallery_thumbnail":false},"uagb_author_info":{"display_name":"admin6485","author_link":"https:\/\/smile-killer.com\/en\/author\/admin6485\/"},"uagb_comment_info":0,"uagb_excerpt":null,"_links":{"self":[{"href":"https:\/\/smile-killer.com\/en\/wp-json\/wp\/v2\/pages\/13","targetHints":{"allow":["GET"]}}],"collection":[{"href":"https:\/\/smile-killer.com\/en\/wp-json\/wp\/v2\/pages"}],"about":[{"href":"https:\/\/smile-killer.com\/en\/wp-json\/wp\/v2\/types\/page"}],"author":[{"embeddable":true,"href":"https:\/\/smile-killer.com\/en\/wp-json\/wp\/v2\/users\/1"}],"replies":[{"embeddable":true,"href":"https:\/\/smile-killer.com\/en\/wp-json\/wp\/v2\/comments?post=13"}],"version-history":[{"count":0,"href":"https:\/\/smile-killer.com\/en\/wp-json\/wp\/v2\/pages\/13\/revisions"}],"wp:attachment":[{"href":"https:\/\/smile-killer.com\/en\/wp-json\/wp\/v2\/media?parent=13"}],"curies":[{"name":"wp","href":"https:\/\/api.w.org\/{rel}","templated":true}]}}