{"id":2698,"date":"2025-08-25T10:53:26","date_gmt":"2025-08-25T08:53:26","guid":{"rendered":"https:\/\/smile-killer.com\/?page_id=2698"},"modified":"2025-11-21T08:37:58","modified_gmt":"2025-11-21T07:37:58","slug":"mentions-legales","status":"publish","type":"page","link":"https:\/\/smile-killer.com\/en\/mentions-legales\/","title":{"rendered":"Legal notices"},"content":{"rendered":"<h2 class=\"wp-block-heading\">1. \u00c9diteur du site<\/h2>\n\n\n\n<p>Smile Killer Office<br>SAS \u2013 SIRET 945 132 819<br>Si\u00e8ge : 96 rue Montgolfi\u00e8re, 69006 Lyon<br>Dirigeant : Far\u00e8s Ziam<br>Email : contact@smile-killer.com<\/p>\n\n\n\n<h2 class=\"wp-block-heading\">2. H\u00e9bergeur du site<\/h2>\n\n\n\n<p>O2Switch<br>Chemin des Pardiaux, 63000 Clermont-Ferrand, France<br>Site : o2switch.fr<\/p>\n\n\n\n<h2 class=\"wp-block-heading\">3. Propri\u00e9t\u00e9 intellectuelle<\/h2>\n\n\n\n<p>Tous les \u00e9l\u00e9ments du site sont prot\u00e9g\u00e9s. Reproduction interdite.<\/p>\n\n\n\n<h2 class=\"wp-block-heading\">4. Contact<\/h2>\n\n\n\n<p>contact@smile-killer.com<\/p>\n\n\n\n<p><\/p>","protected":false},"excerpt":{"rendered":"<p>1. \u00c9diteur du site Smile Killer OfficeSAS \u2013 SIRET 945 132 819Si\u00e8ge : 96 rue Montgolfi\u00e8re, 69006 LyonDirigeant : Far\u00e8s ZiamEmail : contact@smile-killer.com 2. H\u00e9bergeur du site O2SwitchChemin des Pardiaux, 63000 Clermont-Ferrand, FranceSite : o2switch.fr 3. Propri\u00e9t\u00e9 intellectuelle Tous les \u00e9l\u00e9ments du site sont prot\u00e9g\u00e9s. Reproduction interdite. 4. Contact contact@smile-killer.com<\/p>","protected":false},"author":1,"featured_media":0,"parent":0,"menu_order":0,"comment_status":"closed","ping_status":"closed","template":"","meta":{"_uag_custom_page_level_css":"","site-sidebar-layout":"default","site-content-layout":"","ast-site-content-layout":"default","site-content-style":"default","site-sidebar-style":"default","ast-global-header-display":"","ast-banner-title-visibility":"","ast-main-header-display":"","ast-hfb-above-header-display":"","ast-hfb-below-header-display":"","ast-hfb-mobile-header-display":"","site-post-title":"","ast-breadcrumbs-content":"","ast-featured-img":"","footer-sml-layout":"","theme-transparent-header-meta":"","adv-header-id-meta":"","stick-header-meta":"","header-above-stick-meta":"","header-main-stick-meta":"","header-below-stick-meta":"","astra-migrate-meta-layouts":"set","ast-page-background-enabled":"default","ast-page-background-meta":{"desktop":{"background-color":"","background-image":"","background-repeat":"repeat","background-position":"center center","background-size":"auto","background-attachment":"scroll","background-type":"","background-media":"","overlay-type":"","overlay-color":"","overlay-opacity":"","overlay-gradient":""},"tablet":{"background-color":"","background-image":"","background-repeat":"repeat","background-position":"center center","background-size":"auto","background-attachment":"scroll","background-type":"","background-media":"","overlay-type":"","overlay-color":"","overlay-opacity":"","overlay-gradient":""},"mobile":{"background-color":"","background-image":"","background-repeat":"repeat","background-position":"center center","background-size":"auto","background-attachment":"scroll","background-type":"","background-media":"","overlay-type":"","overlay-color":"","overlay-opacity":"","overlay-gradient":""}},"ast-content-background-meta":{"desktop":{"background-color":"var(--ast-global-color-5)","background-image":"","background-repeat":"repeat","background-position":"center center","background-size":"auto","background-attachment":"scroll","background-type":"","background-media":"","overlay-type":"","overlay-color":"","overlay-opacity":"","overlay-gradient":""},"tablet":{"background-color":"var(--ast-global-color-5)","background-image":"","background-repeat":"repeat","background-position":"center center","background-size":"auto","background-attachment":"scroll","background-type":"","background-media":"","overlay-type":"","overlay-color":"","overlay-opacity":"","overlay-gradient":""},"mobile":{"background-color":"var(--ast-global-color-5)","background-image":"","background-repeat":"repeat","background-position":"center center","background-size":"auto","background-attachment":"scroll","background-type":"","background-media":"","overlay-type":"","overlay-color":"","overlay-opacity":"","overlay-gradient":""}},"footnotes":""},"class_list":["post-2698","page","type-page","status-publish","hentry"],"yoast_head":"<!-- This site is optimized with the Yoast SEO plugin v26.4 - https:\/\/yoast.com\/wordpress\/plugins\/seo\/ -->\n<title>Mentions l\u00e9gales - Smile Killer<\/title>\n<meta name=\"robots\" content=\"index, follow, max-snippet:-1, max-image-preview:large, max-video-preview:-1\" \/>\n<link rel=\"canonical\" href=\"https:\/\/smile-killer.com\/en\/mentions-legales\/\" \/>\n<meta property=\"og:locale\" content=\"en_GB\" \/>\n<meta property=\"og:type\" content=\"article\" \/>\n<meta property=\"og:title\" content=\"Mentions l\u00e9gales - Smile Killer\" \/>\n<meta property=\"og:description\" content=\"1. \u00c9diteur du site Smile Killer OfficeSAS \u2013 SIRET 945 132 819Si\u00e8ge : 96 rue Montgolfi\u00e8re, 69006 LyonDirigeant : Far\u00e8s ZiamEmail : contact@smile-killer.com 2. H\u00e9bergeur du site O2SwitchChemin des Pardiaux, 63000 Clermont-Ferrand, FranceSite : o2switch.fr 3. Propri\u00e9t\u00e9 intellectuelle Tous les \u00e9l\u00e9ments du site sont prot\u00e9g\u00e9s. Reproduction interdite. 4. Contact contact@smile-killer.com\" \/>\n<meta property=\"og:url\" content=\"https:\/\/smile-killer.com\/en\/mentions-legales\/\" \/>\n<meta property=\"og:site_name\" content=\"Smile Killer\" \/>\n<meta property=\"article:modified_time\" content=\"2025-11-21T07:37:58+00:00\" \/>\n<meta name=\"twitter:card\" content=\"summary_large_image\" \/>\n<meta name=\"twitter:label1\" content=\"Estimated reading time\" \/>\n\t<meta name=\"twitter:data1\" content=\"1 minute\" \/>\n<script type=\"application\/ld+json\" class=\"yoast-schema-graph\">{\"@context\":\"https:\/\/schema.org\",\"@graph\":[{\"@type\":\"WebPage\",\"@id\":\"https:\/\/smile-killer.com\/mentions-legales\/\",\"url\":\"https:\/\/smile-killer.com\/mentions-legales\/\",\"name\":\"Mentions l\u00e9gales - Smile Killer\",\"isPartOf\":{\"@id\":\"https:\/\/smile-killer.com\/#website\"},\"datePublished\":\"2025-08-25T08:53:26+00:00\",\"dateModified\":\"2025-11-21T07:37:58+00:00\",\"breadcrumb\":{\"@id\":\"https:\/\/smile-killer.com\/mentions-legales\/#breadcrumb\"},\"inLanguage\":\"en-GB\",\"potentialAction\":[{\"@type\":\"ReadAction\",\"target\":[\"https:\/\/smile-killer.com\/mentions-legales\/\"]}]},{\"@type\":\"BreadcrumbList\",\"@id\":\"https:\/\/smile-killer.com\/mentions-legales\/#breadcrumb\",\"itemListElement\":[{\"@type\":\"ListItem\",\"position\":1,\"name\":\"Accueil\",\"item\":\"https:\/\/smile-killer.com\/\"},{\"@type\":\"ListItem\",\"position\":2,\"name\":\"Mentions l\u00e9gales\"}]},{\"@type\":\"WebSite\",\"@id\":\"https:\/\/smile-killer.com\/#website\",\"url\":\"https:\/\/smile-killer.com\/\",\"name\":\"Smile Killer\",\"description\":\"Con\u00e7u pour les combattants. Port\u00e9 par les l\u00e9gendes.\",\"publisher\":{\"@id\":\"https:\/\/smile-killer.com\/#organization\"},\"potentialAction\":[{\"@type\":\"SearchAction\",\"target\":{\"@type\":\"EntryPoint\",\"urlTemplate\":\"https:\/\/smile-killer.com\/?s={search_term_string}\"},\"query-input\":{\"@type\":\"PropertyValueSpecification\",\"valueRequired\":true,\"valueName\":\"search_term_string\"}}],\"inLanguage\":\"en-GB\"},{\"@type\":\"Organization\",\"@id\":\"https:\/\/smile-killer.com\/#organization\",\"name\":\"Smile Killer\",\"alternateName\":\"Smile Killer\",\"url\":\"https:\/\/smile-killer.com\/\",\"logo\":{\"@type\":\"ImageObject\",\"inLanguage\":\"en-GB\",\"@id\":\"https:\/\/smile-killer.com\/#\/schema\/logo\/image\/\",\"url\":\"https:\/\/smile-killer.com\/wp-content\/uploads\/2025\/01\/SK_noir_logo.png\",\"contentUrl\":\"https:\/\/smile-killer.com\/wp-content\/uploads\/2025\/01\/SK_noir_logo.png\",\"width\":1280,\"height\":719,\"caption\":\"Smile Killer\"},\"image\":{\"@id\":\"https:\/\/smile-killer.com\/#\/schema\/logo\/image\/\"},\"sameAs\":[\"https:\/\/www.instagram.com\/smilekiller_shop\/\"]}]}<\/script>\n<!-- \/ Yoast SEO plugin. -->","yoast_head_json":{"title":"Mentions l\u00e9gales - Smile Killer","robots":{"index":"index","follow":"follow","max-snippet":"max-snippet:-1","max-image-preview":"max-image-preview:large","max-video-preview":"max-video-preview:-1"},"canonical":"https:\/\/smile-killer.com\/en\/mentions-legales\/","og_locale":"en_GB","og_type":"article","og_title":"Mentions l\u00e9gales - Smile Killer","og_description":"1. \u00c9diteur du site Smile Killer OfficeSAS \u2013 SIRET 945 132 819Si\u00e8ge : 96 rue Montgolfi\u00e8re, 69006 LyonDirigeant : Far\u00e8s ZiamEmail : contact@smile-killer.com 2. H\u00e9bergeur du site O2SwitchChemin des Pardiaux, 63000 Clermont-Ferrand, FranceSite : o2switch.fr 3. Propri\u00e9t\u00e9 intellectuelle Tous les \u00e9l\u00e9ments du site sont prot\u00e9g\u00e9s. Reproduction interdite. 4. Contact contact@smile-killer.com","og_url":"https:\/\/smile-killer.com\/en\/mentions-legales\/","og_site_name":"Smile Killer","article_modified_time":"2025-11-21T07:37:58+00:00","twitter_card":"summary_large_image","twitter_misc":{"Estimated reading time":"1 minute"},"schema":{"@context":"https:\/\/schema.org","@graph":[{"@type":"WebPage","@id":"https:\/\/smile-killer.com\/mentions-legales\/","url":"https:\/\/smile-killer.com\/mentions-legales\/","name":"Mentions l\u00e9gales - Smile Killer","isPartOf":{"@id":"https:\/\/smile-killer.com\/#website"},"datePublished":"2025-08-25T08:53:26+00:00","dateModified":"2025-11-21T07:37:58+00:00","breadcrumb":{"@id":"https:\/\/smile-killer.com\/mentions-legales\/#breadcrumb"},"inLanguage":"en-GB","potentialAction":[{"@type":"ReadAction","target":["https:\/\/smile-killer.com\/mentions-legales\/"]}]},{"@type":"BreadcrumbList","@id":"https:\/\/smile-killer.com\/mentions-legales\/#breadcrumb","itemListElement":[{"@type":"ListItem","position":1,"name":"Accueil","item":"https:\/\/smile-killer.com\/"},{"@type":"ListItem","position":2,"name":"Mentions l\u00e9gales"}]},{"@type":"WebSite","@id":"https:\/\/smile-killer.com\/#website","url":"https:\/\/smile-killer.com\/","name":"Smile Killer","description":"Gear up like a fighter. Dress like a legend.","publisher":{"@id":"https:\/\/smile-killer.com\/#organization"},"potentialAction":[{"@type":"SearchAction","target":{"@type":"EntryPoint","urlTemplate":"https:\/\/smile-killer.com\/?s={search_term_string}"},"query-input":{"@type":"PropertyValueSpecification","valueRequired":true,"valueName":"search_term_string"}}],"inLanguage":"en-GB"},{"@type":"Organization","@id":"https:\/\/smile-killer.com\/#organization","name":"Smile Killer","alternateName":"Smile Killer","url":"https:\/\/smile-killer.com\/","logo":{"@type":"ImageObject","inLanguage":"en-GB","@id":"https:\/\/smile-killer.com\/#\/schema\/logo\/image\/","url":"https:\/\/smile-killer.com\/wp-content\/uploads\/2025\/01\/SK_noir_logo.png","contentUrl":"https:\/\/smile-killer.com\/wp-content\/uploads\/2025\/01\/SK_noir_logo.png","width":1280,"height":719,"caption":"Smile Killer"},"image":{"@id":"https:\/\/smile-killer.com\/#\/schema\/logo\/image\/"},"sameAs":["https:\/\/www.instagram.com\/smilekiller_shop\/"]}]}},"uagb_featured_image_src":{"full":false,"thumbnail":false,"medium":false,"medium_large":false,"large":false,"1536x1536":false,"2048x2048":false,"trp-custom-language-flag":false,"woocommerce_thumbnail":false,"woocommerce_single":false,"woocommerce_gallery_thumbnail":false},"uagb_author_info":{"display_name":"admin6485","author_link":"https:\/\/smile-killer.com\/en\/author\/admin6485\/"},"uagb_comment_info":0,"uagb_excerpt":"1. \u00c9diteur du site Smile Killer OfficeSAS \u2013 SIRET 945 132 819Si\u00e8ge : 96 rue Montgolfi\u00e8re, 69006 LyonDirigeant : Far\u00e8s ZiamEmail : contact@smile-killer.com 2. H\u00e9bergeur du site O2SwitchChemin des Pardiaux, 63000 Clermont-Ferrand, FranceSite : o2switch.fr 3. Propri\u00e9t\u00e9 intellectuelle Tous les \u00e9l\u00e9ments du site sont prot\u00e9g\u00e9s. Reproduction interdite. 4. Contact contact@smile-killer.com","_links":{"self":[{"href":"https:\/\/smile-killer.com\/en\/wp-json\/wp\/v2\/pages\/2698","targetHints":{"allow":["GET"]}}],"collection":[{"href":"https:\/\/smile-killer.com\/en\/wp-json\/wp\/v2\/pages"}],"about":[{"href":"https:\/\/smile-killer.com\/en\/wp-json\/wp\/v2\/types\/page"}],"author":[{"embeddable":true,"href":"https:\/\/smile-killer.com\/en\/wp-json\/wp\/v2\/users\/1"}],"replies":[{"embeddable":true,"href":"https:\/\/smile-killer.com\/en\/wp-json\/wp\/v2\/comments?post=2698"}],"version-history":[{"count":4,"href":"https:\/\/smile-killer.com\/en\/wp-json\/wp\/v2\/pages\/2698\/revisions"}],"predecessor-version":[{"id":2776,"href":"https:\/\/smile-killer.com\/en\/wp-json\/wp\/v2\/pages\/2698\/revisions\/2776"}],"wp:attachment":[{"href":"https:\/\/smile-killer.com\/en\/wp-json\/wp\/v2\/media?parent=2698"}],"curies":[{"name":"wp","href":"https:\/\/api.w.org\/{rel}","templated":true}]}}