{"id":2652,"date":"2025-08-23T14:46:45","date_gmt":"2025-08-23T12:46:45","guid":{"rendered":"https:\/\/smile-killer.com\/?post_type=product&#038;p=2652"},"modified":"2026-02-19T13:32:27","modified_gmt":"2026-02-19T12:32:27","slug":"t-shirt-boarding-pass","status":"publish","type":"product","link":"https:\/\/smile-killer.com\/en\/product\/t-shirt-boarding-pass\/","title":{"rendered":"T-shirt UFC Paris \u00ab\u00a0Boarding Pass\u00a0\u00bb"},"content":{"rendered":"<p>T-shirt oversize en coton organique &#8211; Coupe ample. Manches droites. \u00c9paules tombantes.<\/p>\n<p>Caract\u00e9ristiques :<\/p>\n<ul>\n<li>Grammage : 180 g\/m<sup>2<\/sup><\/li>\n<li>Mati\u00e8re : 100% coton organique<\/li>\n<\/ul>\n<p><img loading=\"lazy\" decoding=\"async\" class=\"alignnone wp-image-2670\" src=\"https:\/\/smile-killer.com\/wp-content\/uploads\/2025\/08\/washing-300x300.png\" alt=\"\" width=\"48\" height=\"48\" srcset=\"https:\/\/smile-killer.com\/wp-content\/uploads\/2025\/08\/washing-300x300.png 300w, https:\/\/smile-killer.com\/wp-content\/uploads\/2025\/08\/washing-100x100.png 100w, https:\/\/smile-killer.com\/wp-content\/uploads\/2025\/08\/washing-150x150.png 150w, https:\/\/smile-killer.com\/wp-content\/uploads\/2025\/08\/washing-12x12.png 12w, https:\/\/smile-killer.com\/wp-content\/uploads\/2025\/08\/washing.png 512w\" sizes=\"auto, (max-width: 48px) 100vw, 48px\" \/><img loading=\"lazy\" decoding=\"async\" class=\"alignnone wp-image-2671\" src=\"https:\/\/smile-killer.com\/wp-content\/uploads\/2025\/08\/biographie-300x300.png\" alt=\"\" width=\"48\" height=\"48\" srcset=\"https:\/\/smile-killer.com\/wp-content\/uploads\/2025\/08\/biographie-300x300.png 300w, https:\/\/smile-killer.com\/wp-content\/uploads\/2025\/08\/biographie-100x100.png 100w, https:\/\/smile-killer.com\/wp-content\/uploads\/2025\/08\/biographie-150x150.png 150w, https:\/\/smile-killer.com\/wp-content\/uploads\/2025\/08\/biographie-12x12.png 12w, https:\/\/smile-killer.com\/wp-content\/uploads\/2025\/08\/biographie.png 512w\" sizes=\"auto, (max-width: 48px) 100vw, 48px\" \/><\/p>","protected":false},"excerpt":{"rendered":"<p>T-shirt oversize en coton organique<\/p>","protected":false},"featured_media":2654,"template":"","meta":{"_uag_custom_page_level_css":"","site-sidebar-layout":"default","site-content-layout":"","ast-site-content-layout":"default","site-content-style":"default","site-sidebar-style":"default","ast-global-header-display":"","ast-banner-title-visibility":"","ast-main-header-display":"","ast-hfb-above-header-display":"","ast-hfb-below-header-display":"","ast-hfb-mobile-header-display":"","site-post-title":"","ast-breadcrumbs-content":"","ast-featured-img":"","footer-sml-layout":"","theme-transparent-header-meta":"default","adv-header-id-meta":"","stick-header-meta":"","header-above-stick-meta":"","header-main-stick-meta":"","header-below-stick-meta":"","astra-migrate-meta-layouts":"set","ast-page-background-enabled":"default","ast-page-background-meta":{"desktop":{"background-color":"","background-image":"","background-repeat":"repeat","background-position":"center center","background-size":"auto","background-attachment":"scroll","background-type":"","background-media":"","overlay-type":"","overlay-color":"","overlay-opacity":"","overlay-gradient":""},"tablet":{"background-color":"","background-image":"","background-repeat":"repeat","background-position":"center center","background-size":"auto","background-attachment":"scroll","background-type":"","background-media":"","overlay-type":"","overlay-color":"","overlay-opacity":"","overlay-gradient":""},"mobile":{"background-color":"","background-image":"","background-repeat":"repeat","background-position":"center center","background-size":"auto","background-attachment":"scroll","background-type":"","background-media":"","overlay-type":"","overlay-color":"","overlay-opacity":"","overlay-gradient":""}},"ast-content-background-meta":{"desktop":{"background-color":"var(--ast-global-color-5)","background-image":"","background-repeat":"repeat","background-position":"center center","background-size":"auto","background-attachment":"scroll","background-type":"","background-media":"","overlay-type":"","overlay-color":"","overlay-opacity":"","overlay-gradient":""},"tablet":{"background-color":"var(--ast-global-color-5)","background-image":"","background-repeat":"repeat","background-position":"center center","background-size":"auto","background-attachment":"scroll","background-type":"","background-media":"","overlay-type":"","overlay-color":"","overlay-opacity":"","overlay-gradient":""},"mobile":{"background-color":"var(--ast-global-color-5)","background-image":"","background-repeat":"repeat","background-position":"center center","background-size":"auto","background-attachment":"scroll","background-type":"","background-media":"","overlay-type":"","overlay-color":"","overlay-opacity":"","overlay-gradient":""}}},"product_brand":[],"product_cat":[67,69],"product_tag":[],"class_list":{"0":"post-2652","1":"product","2":"type-product","3":"status-publish","4":"has-post-thumbnail","6":"product_cat-t-shirts","7":"product_cat-t-shirts-oversize","8":"desktop-align-left","9":"tablet-align-left","10":"mobile-align-left","12":"first","13":"instock","14":"shipping-taxable","15":"purchasable","16":"product-type-variable"},"yoast_head":"<!-- This site is optimized with the Yoast SEO plugin v26.4 - https:\/\/yoast.com\/wordpress\/plugins\/seo\/ -->\n<title>T-shirt UFC Paris &quot;Boarding Pass&quot; - Smile Killer<\/title>\n<meta name=\"robots\" content=\"index, follow, max-snippet:-1, max-image-preview:large, max-video-preview:-1\" \/>\n<link rel=\"canonical\" href=\"https:\/\/smile-killer.com\/en\/product\/t-shirt-boarding-pass\/\" \/>\n<meta property=\"og:locale\" content=\"en_GB\" \/>\n<meta property=\"og:type\" content=\"article\" \/>\n<meta property=\"og:title\" content=\"T-shirt UFC Paris &quot;Boarding Pass&quot; - Smile Killer\" \/>\n<meta property=\"og:description\" content=\"T-shirt oversize en coton organique\" \/>\n<meta property=\"og:url\" content=\"https:\/\/smile-killer.com\/en\/product\/t-shirt-boarding-pass\/\" \/>\n<meta property=\"og:site_name\" content=\"Smile Killer\" \/>\n<meta property=\"article:modified_time\" content=\"2026-02-19T12:32:27+00:00\" \/>\n<meta property=\"og:image\" content=\"https:\/\/smile-killer.com\/wp-content\/uploads\/2025\/08\/FLIGHT_SHIRT_BACK_1.png\" \/>\n\t<meta property=\"og:image:width\" content=\"2268\" \/>\n\t<meta property=\"og:image:height\" content=\"1701\" \/>\n\t<meta property=\"og:image:type\" content=\"image\/png\" \/>\n<meta name=\"twitter:card\" content=\"summary_large_image\" \/>\n<meta name=\"twitter:label1\" content=\"Estimated reading time\" \/>\n\t<meta name=\"twitter:data1\" content=\"1 minute\" \/>\n<script type=\"application\/ld+json\" class=\"yoast-schema-graph\">{\"@context\":\"https:\/\/schema.org\",\"@graph\":[{\"@type\":\"WebPage\",\"@id\":\"https:\/\/smile-killer.com\/produit\/t-shirt-boarding-pass\/\",\"url\":\"https:\/\/smile-killer.com\/produit\/t-shirt-boarding-pass\/\",\"name\":\"T-shirt UFC Paris \\\"Boarding Pass\\\" - Smile Killer\",\"isPartOf\":{\"@id\":\"https:\/\/smile-killer.com\/#website\"},\"primaryImageOfPage\":{\"@id\":\"https:\/\/smile-killer.com\/produit\/t-shirt-boarding-pass\/#primaryimage\"},\"image\":{\"@id\":\"https:\/\/smile-killer.com\/produit\/t-shirt-boarding-pass\/#primaryimage\"},\"thumbnailUrl\":\"https:\/\/smile-killer.com\/wp-content\/uploads\/2025\/08\/FLIGHT_SHIRT_BACK_1.png\",\"datePublished\":\"2025-08-23T12:46:45+00:00\",\"dateModified\":\"2026-02-19T12:32:27+00:00\",\"breadcrumb\":{\"@id\":\"https:\/\/smile-killer.com\/produit\/t-shirt-boarding-pass\/#breadcrumb\"},\"inLanguage\":\"en-GB\",\"potentialAction\":[{\"@type\":\"ReadAction\",\"target\":[\"https:\/\/smile-killer.com\/produit\/t-shirt-boarding-pass\/\"]}]},{\"@type\":\"ImageObject\",\"inLanguage\":\"en-GB\",\"@id\":\"https:\/\/smile-killer.com\/produit\/t-shirt-boarding-pass\/#primaryimage\",\"url\":\"https:\/\/smile-killer.com\/wp-content\/uploads\/2025\/08\/FLIGHT_SHIRT_BACK_1.png\",\"contentUrl\":\"https:\/\/smile-killer.com\/wp-content\/uploads\/2025\/08\/FLIGHT_SHIRT_BACK_1.png\",\"width\":2268,\"height\":1701},{\"@type\":\"BreadcrumbList\",\"@id\":\"https:\/\/smile-killer.com\/produit\/t-shirt-boarding-pass\/#breadcrumb\",\"itemListElement\":[{\"@type\":\"ListItem\",\"position\":1,\"name\":\"Accueil\",\"item\":\"https:\/\/smile-killer.com\/\"},{\"@type\":\"ListItem\",\"position\":2,\"name\":\"Boutique\",\"item\":\"https:\/\/smile-killer.com\/boutique\/\"},{\"@type\":\"ListItem\",\"position\":3,\"name\":\"T-shirt UFC Paris \u00ab\u00a0Boarding Pass\u00a0\u00bb\"}]},{\"@type\":\"WebSite\",\"@id\":\"https:\/\/smile-killer.com\/#website\",\"url\":\"https:\/\/smile-killer.com\/\",\"name\":\"Smile Killer\",\"description\":\"Con\u00e7u pour les combattants. Port\u00e9 par les l\u00e9gendes.\",\"publisher\":{\"@id\":\"https:\/\/smile-killer.com\/#organization\"},\"potentialAction\":[{\"@type\":\"SearchAction\",\"target\":{\"@type\":\"EntryPoint\",\"urlTemplate\":\"https:\/\/smile-killer.com\/?s={search_term_string}\"},\"query-input\":{\"@type\":\"PropertyValueSpecification\",\"valueRequired\":true,\"valueName\":\"search_term_string\"}}],\"inLanguage\":\"en-GB\"},{\"@type\":\"Organization\",\"@id\":\"https:\/\/smile-killer.com\/#organization\",\"name\":\"Smile Killer\",\"alternateName\":\"Smile Killer\",\"url\":\"https:\/\/smile-killer.com\/\",\"logo\":{\"@type\":\"ImageObject\",\"inLanguage\":\"en-GB\",\"@id\":\"https:\/\/smile-killer.com\/#\/schema\/logo\/image\/\",\"url\":\"https:\/\/smile-killer.com\/wp-content\/uploads\/2025\/01\/SK_noir_logo.png\",\"contentUrl\":\"https:\/\/smile-killer.com\/wp-content\/uploads\/2025\/01\/SK_noir_logo.png\",\"width\":1280,\"height\":719,\"caption\":\"Smile Killer\"},\"image\":{\"@id\":\"https:\/\/smile-killer.com\/#\/schema\/logo\/image\/\"},\"sameAs\":[\"https:\/\/www.instagram.com\/smilekiller_shop\/\"]}]}<\/script>\n<!-- \/ Yoast SEO plugin. -->","yoast_head_json":{"title":"T-shirt UFC Paris \"Boarding Pass\" - Smile Killer","robots":{"index":"index","follow":"follow","max-snippet":"max-snippet:-1","max-image-preview":"max-image-preview:large","max-video-preview":"max-video-preview:-1"},"canonical":"https:\/\/smile-killer.com\/en\/product\/t-shirt-boarding-pass\/","og_locale":"en_GB","og_type":"article","og_title":"T-shirt UFC Paris \"Boarding Pass\" - Smile Killer","og_description":"T-shirt oversize en coton organique","og_url":"https:\/\/smile-killer.com\/en\/product\/t-shirt-boarding-pass\/","og_site_name":"Smile Killer","article_modified_time":"2026-02-19T12:32:27+00:00","og_image":[{"width":2268,"height":1701,"url":"https:\/\/smile-killer.com\/wp-content\/uploads\/2025\/08\/FLIGHT_SHIRT_BACK_1.png","type":"image\/png"}],"twitter_card":"summary_large_image","twitter_misc":{"Estimated reading time":"1 minute"},"schema":{"@context":"https:\/\/schema.org","@graph":[{"@type":"WebPage","@id":"https:\/\/smile-killer.com\/produit\/t-shirt-boarding-pass\/","url":"https:\/\/smile-killer.com\/produit\/t-shirt-boarding-pass\/","name":"T-shirt UFC Paris \"Boarding Pass\" - Smile Killer","isPartOf":{"@id":"https:\/\/smile-killer.com\/#website"},"primaryImageOfPage":{"@id":"https:\/\/smile-killer.com\/produit\/t-shirt-boarding-pass\/#primaryimage"},"image":{"@id":"https:\/\/smile-killer.com\/produit\/t-shirt-boarding-pass\/#primaryimage"},"thumbnailUrl":"https:\/\/smile-killer.com\/wp-content\/uploads\/2025\/08\/FLIGHT_SHIRT_BACK_1.png","datePublished":"2025-08-23T12:46:45+00:00","dateModified":"2026-02-19T12:32:27+00:00","breadcrumb":{"@id":"https:\/\/smile-killer.com\/produit\/t-shirt-boarding-pass\/#breadcrumb"},"inLanguage":"en-GB","potentialAction":[{"@type":"ReadAction","target":["https:\/\/smile-killer.com\/produit\/t-shirt-boarding-pass\/"]}]},{"@type":"ImageObject","inLanguage":"en-GB","@id":"https:\/\/smile-killer.com\/produit\/t-shirt-boarding-pass\/#primaryimage","url":"https:\/\/smile-killer.com\/wp-content\/uploads\/2025\/08\/FLIGHT_SHIRT_BACK_1.png","contentUrl":"https:\/\/smile-killer.com\/wp-content\/uploads\/2025\/08\/FLIGHT_SHIRT_BACK_1.png","width":2268,"height":1701},{"@type":"BreadcrumbList","@id":"https:\/\/smile-killer.com\/produit\/t-shirt-boarding-pass\/#breadcrumb","itemListElement":[{"@type":"ListItem","position":1,"name":"Accueil","item":"https:\/\/smile-killer.com\/"},{"@type":"ListItem","position":2,"name":"Boutique","item":"https:\/\/smile-killer.com\/boutique\/"},{"@type":"ListItem","position":3,"name":"T-shirt UFC Paris \u00ab\u00a0Boarding Pass\u00a0\u00bb"}]},{"@type":"WebSite","@id":"https:\/\/smile-killer.com\/#website","url":"https:\/\/smile-killer.com\/","name":"Smile Killer","description":"Gear up like a fighter. Dress like a legend.","publisher":{"@id":"https:\/\/smile-killer.com\/#organization"},"potentialAction":[{"@type":"SearchAction","target":{"@type":"EntryPoint","urlTemplate":"https:\/\/smile-killer.com\/?s={search_term_string}"},"query-input":{"@type":"PropertyValueSpecification","valueRequired":true,"valueName":"search_term_string"}}],"inLanguage":"en-GB"},{"@type":"Organization","@id":"https:\/\/smile-killer.com\/#organization","name":"Smile Killer","alternateName":"Smile Killer","url":"https:\/\/smile-killer.com\/","logo":{"@type":"ImageObject","inLanguage":"en-GB","@id":"https:\/\/smile-killer.com\/#\/schema\/logo\/image\/","url":"https:\/\/smile-killer.com\/wp-content\/uploads\/2025\/01\/SK_noir_logo.png","contentUrl":"https:\/\/smile-killer.com\/wp-content\/uploads\/2025\/01\/SK_noir_logo.png","width":1280,"height":719,"caption":"Smile Killer"},"image":{"@id":"https:\/\/smile-killer.com\/#\/schema\/logo\/image\/"},"sameAs":["https:\/\/www.instagram.com\/smilekiller_shop\/"]}]}},"uagb_featured_image_src":{"full":["https:\/\/smile-killer.com\/wp-content\/uploads\/2025\/08\/FLIGHT_SHIRT_BACK_1.png",2268,1701,false],"thumbnail":["https:\/\/smile-killer.com\/wp-content\/uploads\/2025\/08\/FLIGHT_SHIRT_BACK_1-150x150.png",150,150,true],"medium":["https:\/\/smile-killer.com\/wp-content\/uploads\/2025\/08\/FLIGHT_SHIRT_BACK_1-300x225.png",300,225,true],"medium_large":["https:\/\/smile-killer.com\/wp-content\/uploads\/2025\/08\/FLIGHT_SHIRT_BACK_1-768x576.png",768,576,true],"large":["https:\/\/smile-killer.com\/wp-content\/uploads\/2025\/08\/FLIGHT_SHIRT_BACK_1-1024x768.png",1024,768,true],"1536x1536":["https:\/\/smile-killer.com\/wp-content\/uploads\/2025\/08\/FLIGHT_SHIRT_BACK_1-1536x1152.png",1536,1152,true],"2048x2048":["https:\/\/smile-killer.com\/wp-content\/uploads\/2025\/08\/FLIGHT_SHIRT_BACK_1-2048x1536.png",2048,1536,true],"trp-custom-language-flag":["https:\/\/smile-killer.com\/wp-content\/uploads\/2025\/08\/FLIGHT_SHIRT_BACK_1-16x12.png",16,12,true],"woocommerce_thumbnail":["https:\/\/smile-killer.com\/wp-content\/uploads\/2025\/08\/FLIGHT_SHIRT_BACK_1-900x900.png",900,900,true],"woocommerce_single":["https:\/\/smile-killer.com\/wp-content\/uploads\/2025\/08\/FLIGHT_SHIRT_BACK_1-600x450.png",600,450,true],"woocommerce_gallery_thumbnail":["https:\/\/smile-killer.com\/wp-content\/uploads\/2025\/08\/FLIGHT_SHIRT_BACK_1-100x100.png",100,100,true]},"uagb_author_info":{"display_name":"admin6485","author_link":"https:\/\/smile-killer.com\/en\/author\/"},"uagb_comment_info":0,"uagb_excerpt":"T-shirt oversize en coton organique","_links":{"self":[{"href":"https:\/\/smile-killer.com\/en\/wp-json\/wp\/v2\/product\/2652","targetHints":{"allow":["GET"]}}],"collection":[{"href":"https:\/\/smile-killer.com\/en\/wp-json\/wp\/v2\/product"}],"about":[{"href":"https:\/\/smile-killer.com\/en\/wp-json\/wp\/v2\/types\/product"}],"wp:featuredmedia":[{"embeddable":true,"href":"https:\/\/smile-killer.com\/en\/wp-json\/wp\/v2\/media\/2654"}],"wp:attachment":[{"href":"https:\/\/smile-killer.com\/en\/wp-json\/wp\/v2\/media?parent=2652"}],"wp:term":[{"taxonomy":"product_brand","embeddable":true,"href":"https:\/\/smile-killer.com\/en\/wp-json\/wp\/v2\/product_brand?post=2652"},{"taxonomy":"product_cat","embeddable":true,"href":"https:\/\/smile-killer.com\/en\/wp-json\/wp\/v2\/product_cat?post=2652"},{"taxonomy":"product_tag","embeddable":true,"href":"https:\/\/smile-killer.com\/en\/wp-json\/wp\/v2\/product_tag?post=2652"}],"curies":[{"name":"wp","href":"https:\/\/api.w.org\/{rel}","templated":true}]}}