{"id":2664,"date":"2025-08-23T15:19:35","date_gmt":"2025-08-23T13:19:35","guid":{"rendered":"https:\/\/smile-killer.com\/?post_type=product&#038;p=2664"},"modified":"2025-12-03T10:20:30","modified_gmt":"2025-12-03T09:20:30","slug":"t-shirt-ufc-saudia-arabia","status":"publish","type":"product","link":"https:\/\/smile-killer.com\/en\/product\/t-shirt-ufc-saudia-arabia\/","title":{"rendered":"T-shirt UFC Saudia Arabia"},"content":{"rendered":"<p>T-shirt oversize &#8211; Jersey 180 .. 100% coton peign\u00e9 biologique.<\/p>\n<p>Caract\u00e9ristiques :<\/p>\n<ul>\n<li>240 g\/m<sup>2<\/sup><\/li>\n<li>100% coton<\/li>\n<li>col rond<\/li>\n<li>\u00c9paules sur-d\u00e9coup\u00e9es<\/li>\n<li>Coupe large et d\u00e9contract\u00e9e<\/li>\n<\/ul>","protected":false},"excerpt":{"rendered":"<p>T-shirt oversize &#8211; Jersey 180 .. 100% coton peign\u00e9 biologique<\/p>","protected":false},"featured_media":2666,"template":"","meta":{"_uag_custom_page_level_css":"","site-sidebar-layout":"default","site-content-layout":"","ast-site-content-layout":"default","site-content-style":"default","site-sidebar-style":"default","ast-global-header-display":"","ast-banner-title-visibility":"","ast-main-header-display":"","ast-hfb-above-header-display":"","ast-hfb-below-header-display":"","ast-hfb-mobile-header-display":"","site-post-title":"","ast-breadcrumbs-content":"","ast-featured-img":"","footer-sml-layout":"","theme-transparent-header-meta":"default","adv-header-id-meta":"","stick-header-meta":"","header-above-stick-meta":"","header-main-stick-meta":"","header-below-stick-meta":"","astra-migrate-meta-layouts":"set","ast-page-background-enabled":"default","ast-page-background-meta":{"desktop":{"background-color":"","background-image":"","background-repeat":"repeat","background-position":"center center","background-size":"auto","background-attachment":"scroll","background-type":"","background-media":"","overlay-type":"","overlay-color":"","overlay-opacity":"","overlay-gradient":""},"tablet":{"background-color":"","background-image":"","background-repeat":"repeat","background-position":"center center","background-size":"auto","background-attachment":"scroll","background-type":"","background-media":"","overlay-type":"","overlay-color":"","overlay-opacity":"","overlay-gradient":""},"mobile":{"background-color":"","background-image":"","background-repeat":"repeat","background-position":"center center","background-size":"auto","background-attachment":"scroll","background-type":"","background-media":"","overlay-type":"","overlay-color":"","overlay-opacity":"","overlay-gradient":""}},"ast-content-background-meta":{"desktop":{"background-color":"var(--ast-global-color-5)","background-image":"","background-repeat":"repeat","background-position":"center center","background-size":"auto","background-attachment":"scroll","background-type":"","background-media":"","overlay-type":"","overlay-color":"","overlay-opacity":"","overlay-gradient":""},"tablet":{"background-color":"var(--ast-global-color-5)","background-image":"","background-repeat":"repeat","background-position":"center center","background-size":"auto","background-attachment":"scroll","background-type":"","background-media":"","overlay-type":"","overlay-color":"","overlay-opacity":"","overlay-gradient":""},"mobile":{"background-color":"var(--ast-global-color-5)","background-image":"","background-repeat":"repeat","background-position":"center center","background-size":"auto","background-attachment":"scroll","background-type":"","background-media":"","overlay-type":"","overlay-color":"","overlay-opacity":"","overlay-gradient":""}}},"product_brand":[],"product_cat":[67,69],"product_tag":[],"class_list":{"0":"post-2664","1":"product","2":"type-product","3":"status-publish","4":"has-post-thumbnail","6":"product_cat-t-shirts","7":"product_cat-t-shirts-oversize","8":"desktop-align-left","9":"tablet-align-left","10":"mobile-align-left","12":"first","13":"outofstock","14":"shipping-taxable","15":"purchasable","16":"product-type-variable"},"yoast_head":"<!-- This site is optimized with the Yoast SEO plugin v26.4 - https:\/\/yoast.com\/wordpress\/plugins\/seo\/ -->\n<title>T-shirt UFC Saudia Arabia - Smile Killer<\/title>\n<meta name=\"robots\" content=\"index, follow, max-snippet:-1, max-image-preview:large, max-video-preview:-1\" \/>\n<link rel=\"canonical\" href=\"https:\/\/smile-killer.com\/en\/product\/t-shirt-ufc-saudia-arabia\/\" \/>\n<meta property=\"og:locale\" content=\"en_GB\" \/>\n<meta property=\"og:type\" content=\"article\" \/>\n<meta property=\"og:title\" content=\"T-shirt UFC Saudia Arabia - Smile Killer\" \/>\n<meta property=\"og:description\" content=\"T-shirt oversize - Jersey 180 .. 100% coton peign\u00e9 biologique\" \/>\n<meta property=\"og:url\" content=\"https:\/\/smile-killer.com\/en\/product\/t-shirt-ufc-saudia-arabia\/\" \/>\n<meta property=\"og:site_name\" content=\"Smile Killer\" \/>\n<meta property=\"article:modified_time\" content=\"2025-12-03T09:20:30+00:00\" \/>\n<meta property=\"og:image\" content=\"https:\/\/smile-killer.com\/wp-content\/uploads\/2025\/08\/sk_saudi_arabia_back.png\" \/>\n\t<meta property=\"og:image:width\" content=\"2268\" \/>\n\t<meta property=\"og:image:height\" content=\"1701\" \/>\n\t<meta property=\"og:image:type\" content=\"image\/png\" \/>\n<meta name=\"twitter:card\" content=\"summary_large_image\" \/>\n<script type=\"application\/ld+json\" class=\"yoast-schema-graph\">{\"@context\":\"https:\/\/schema.org\",\"@graph\":[{\"@type\":\"WebPage\",\"@id\":\"https:\/\/smile-killer.com\/produit\/t-shirt-ufc-saudia-arabia\/\",\"url\":\"https:\/\/smile-killer.com\/produit\/t-shirt-ufc-saudia-arabia\/\",\"name\":\"T-shirt UFC Saudia Arabia - Smile Killer\",\"isPartOf\":{\"@id\":\"https:\/\/smile-killer.com\/#website\"},\"primaryImageOfPage\":{\"@id\":\"https:\/\/smile-killer.com\/produit\/t-shirt-ufc-saudia-arabia\/#primaryimage\"},\"image\":{\"@id\":\"https:\/\/smile-killer.com\/produit\/t-shirt-ufc-saudia-arabia\/#primaryimage\"},\"thumbnailUrl\":\"https:\/\/smile-killer.com\/wp-content\/uploads\/2025\/08\/sk_saudi_arabia_back.png\",\"datePublished\":\"2025-08-23T13:19:35+00:00\",\"dateModified\":\"2025-12-03T09:20:30+00:00\",\"breadcrumb\":{\"@id\":\"https:\/\/smile-killer.com\/produit\/t-shirt-ufc-saudia-arabia\/#breadcrumb\"},\"inLanguage\":\"en-GB\",\"potentialAction\":[{\"@type\":\"ReadAction\",\"target\":[\"https:\/\/smile-killer.com\/produit\/t-shirt-ufc-saudia-arabia\/\"]}]},{\"@type\":\"ImageObject\",\"inLanguage\":\"en-GB\",\"@id\":\"https:\/\/smile-killer.com\/produit\/t-shirt-ufc-saudia-arabia\/#primaryimage\",\"url\":\"https:\/\/smile-killer.com\/wp-content\/uploads\/2025\/08\/sk_saudi_arabia_back.png\",\"contentUrl\":\"https:\/\/smile-killer.com\/wp-content\/uploads\/2025\/08\/sk_saudi_arabia_back.png\",\"width\":2268,\"height\":1701},{\"@type\":\"BreadcrumbList\",\"@id\":\"https:\/\/smile-killer.com\/produit\/t-shirt-ufc-saudia-arabia\/#breadcrumb\",\"itemListElement\":[{\"@type\":\"ListItem\",\"position\":1,\"name\":\"Accueil\",\"item\":\"https:\/\/smile-killer.com\/\"},{\"@type\":\"ListItem\",\"position\":2,\"name\":\"Boutique\",\"item\":\"https:\/\/smile-killer.com\/boutique\/\"},{\"@type\":\"ListItem\",\"position\":3,\"name\":\"T-shirt UFC Saudia Arabia\"}]},{\"@type\":\"WebSite\",\"@id\":\"https:\/\/smile-killer.com\/#website\",\"url\":\"https:\/\/smile-killer.com\/\",\"name\":\"Smile Killer\",\"description\":\"Con\u00e7u pour les combattants. Port\u00e9 par les l\u00e9gendes.\",\"publisher\":{\"@id\":\"https:\/\/smile-killer.com\/#organization\"},\"potentialAction\":[{\"@type\":\"SearchAction\",\"target\":{\"@type\":\"EntryPoint\",\"urlTemplate\":\"https:\/\/smile-killer.com\/?s={search_term_string}\"},\"query-input\":{\"@type\":\"PropertyValueSpecification\",\"valueRequired\":true,\"valueName\":\"search_term_string\"}}],\"inLanguage\":\"en-GB\"},{\"@type\":\"Organization\",\"@id\":\"https:\/\/smile-killer.com\/#organization\",\"name\":\"Smile Killer\",\"alternateName\":\"Smile Killer\",\"url\":\"https:\/\/smile-killer.com\/\",\"logo\":{\"@type\":\"ImageObject\",\"inLanguage\":\"en-GB\",\"@id\":\"https:\/\/smile-killer.com\/#\/schema\/logo\/image\/\",\"url\":\"https:\/\/smile-killer.com\/wp-content\/uploads\/2025\/01\/SK_noir_logo.png\",\"contentUrl\":\"https:\/\/smile-killer.com\/wp-content\/uploads\/2025\/01\/SK_noir_logo.png\",\"width\":1280,\"height\":719,\"caption\":\"Smile Killer\"},\"image\":{\"@id\":\"https:\/\/smile-killer.com\/#\/schema\/logo\/image\/\"},\"sameAs\":[\"https:\/\/www.instagram.com\/smilekiller_shop\/\"]}]}<\/script>\n<!-- \/ Yoast SEO plugin. -->","yoast_head_json":{"title":"T-shirt UFC Saudia Arabia - Smile Killer","robots":{"index":"index","follow":"follow","max-snippet":"max-snippet:-1","max-image-preview":"max-image-preview:large","max-video-preview":"max-video-preview:-1"},"canonical":"https:\/\/smile-killer.com\/en\/product\/t-shirt-ufc-saudia-arabia\/","og_locale":"en_GB","og_type":"article","og_title":"T-shirt UFC Saudia Arabia - Smile Killer","og_description":"T-shirt oversize - Jersey 180 .. 100% coton peign\u00e9 biologique","og_url":"https:\/\/smile-killer.com\/en\/product\/t-shirt-ufc-saudia-arabia\/","og_site_name":"Smile Killer","article_modified_time":"2025-12-03T09:20:30+00:00","og_image":[{"width":2268,"height":1701,"url":"https:\/\/smile-killer.com\/wp-content\/uploads\/2025\/08\/sk_saudi_arabia_back.png","type":"image\/png"}],"twitter_card":"summary_large_image","schema":{"@context":"https:\/\/schema.org","@graph":[{"@type":"WebPage","@id":"https:\/\/smile-killer.com\/produit\/t-shirt-ufc-saudia-arabia\/","url":"https:\/\/smile-killer.com\/produit\/t-shirt-ufc-saudia-arabia\/","name":"T-shirt UFC Saudia Arabia - Smile Killer","isPartOf":{"@id":"https:\/\/smile-killer.com\/#website"},"primaryImageOfPage":{"@id":"https:\/\/smile-killer.com\/produit\/t-shirt-ufc-saudia-arabia\/#primaryimage"},"image":{"@id":"https:\/\/smile-killer.com\/produit\/t-shirt-ufc-saudia-arabia\/#primaryimage"},"thumbnailUrl":"https:\/\/smile-killer.com\/wp-content\/uploads\/2025\/08\/sk_saudi_arabia_back.png","datePublished":"2025-08-23T13:19:35+00:00","dateModified":"2025-12-03T09:20:30+00:00","breadcrumb":{"@id":"https:\/\/smile-killer.com\/produit\/t-shirt-ufc-saudia-arabia\/#breadcrumb"},"inLanguage":"en-GB","potentialAction":[{"@type":"ReadAction","target":["https:\/\/smile-killer.com\/produit\/t-shirt-ufc-saudia-arabia\/"]}]},{"@type":"ImageObject","inLanguage":"en-GB","@id":"https:\/\/smile-killer.com\/produit\/t-shirt-ufc-saudia-arabia\/#primaryimage","url":"https:\/\/smile-killer.com\/wp-content\/uploads\/2025\/08\/sk_saudi_arabia_back.png","contentUrl":"https:\/\/smile-killer.com\/wp-content\/uploads\/2025\/08\/sk_saudi_arabia_back.png","width":2268,"height":1701},{"@type":"BreadcrumbList","@id":"https:\/\/smile-killer.com\/produit\/t-shirt-ufc-saudia-arabia\/#breadcrumb","itemListElement":[{"@type":"ListItem","position":1,"name":"Accueil","item":"https:\/\/smile-killer.com\/"},{"@type":"ListItem","position":2,"name":"Boutique","item":"https:\/\/smile-killer.com\/boutique\/"},{"@type":"ListItem","position":3,"name":"T-shirt UFC Saudia Arabia"}]},{"@type":"WebSite","@id":"https:\/\/smile-killer.com\/#website","url":"https:\/\/smile-killer.com\/","name":"Smile Killer","description":"Gear up like a fighter. Dress like a legend.","publisher":{"@id":"https:\/\/smile-killer.com\/#organization"},"potentialAction":[{"@type":"SearchAction","target":{"@type":"EntryPoint","urlTemplate":"https:\/\/smile-killer.com\/?s={search_term_string}"},"query-input":{"@type":"PropertyValueSpecification","valueRequired":true,"valueName":"search_term_string"}}],"inLanguage":"en-GB"},{"@type":"Organization","@id":"https:\/\/smile-killer.com\/#organization","name":"Smile Killer","alternateName":"Smile Killer","url":"https:\/\/smile-killer.com\/","logo":{"@type":"ImageObject","inLanguage":"en-GB","@id":"https:\/\/smile-killer.com\/#\/schema\/logo\/image\/","url":"https:\/\/smile-killer.com\/wp-content\/uploads\/2025\/01\/SK_noir_logo.png","contentUrl":"https:\/\/smile-killer.com\/wp-content\/uploads\/2025\/01\/SK_noir_logo.png","width":1280,"height":719,"caption":"Smile Killer"},"image":{"@id":"https:\/\/smile-killer.com\/#\/schema\/logo\/image\/"},"sameAs":["https:\/\/www.instagram.com\/smilekiller_shop\/"]}]}},"uagb_featured_image_src":{"full":["https:\/\/smile-killer.com\/wp-content\/uploads\/2025\/08\/sk_saudi_arabia_back.png",2268,1701,false],"thumbnail":["https:\/\/smile-killer.com\/wp-content\/uploads\/2025\/08\/sk_saudi_arabia_back-150x150.png",150,150,true],"medium":["https:\/\/smile-killer.com\/wp-content\/uploads\/2025\/08\/sk_saudi_arabia_back-300x225.png",300,225,true],"medium_large":["https:\/\/smile-killer.com\/wp-content\/uploads\/2025\/08\/sk_saudi_arabia_back-768x576.png",768,576,true],"large":["https:\/\/smile-killer.com\/wp-content\/uploads\/2025\/08\/sk_saudi_arabia_back-1024x768.png",1024,768,true],"1536x1536":["https:\/\/smile-killer.com\/wp-content\/uploads\/2025\/08\/sk_saudi_arabia_back-1536x1152.png",1536,1152,true],"2048x2048":["https:\/\/smile-killer.com\/wp-content\/uploads\/2025\/08\/sk_saudi_arabia_back-2048x1536.png",2048,1536,true],"trp-custom-language-flag":["https:\/\/smile-killer.com\/wp-content\/uploads\/2025\/08\/sk_saudi_arabia_back-16x12.png",16,12,true],"woocommerce_thumbnail":["https:\/\/smile-killer.com\/wp-content\/uploads\/2025\/08\/sk_saudi_arabia_back-900x900.png",900,900,true],"woocommerce_single":["https:\/\/smile-killer.com\/wp-content\/uploads\/2025\/08\/sk_saudi_arabia_back-600x450.png",600,450,true],"woocommerce_gallery_thumbnail":["https:\/\/smile-killer.com\/wp-content\/uploads\/2025\/08\/sk_saudi_arabia_back-100x100.png",100,100,true]},"uagb_author_info":{"display_name":"admin6485","author_link":"https:\/\/smile-killer.com\/en\/author\/"},"uagb_comment_info":0,"uagb_excerpt":"T-shirt oversize - Jersey 180 .. 100% coton peign\u00e9 biologique","_links":{"self":[{"href":"https:\/\/smile-killer.com\/en\/wp-json\/wp\/v2\/product\/2664","targetHints":{"allow":["GET"]}}],"collection":[{"href":"https:\/\/smile-killer.com\/en\/wp-json\/wp\/v2\/product"}],"about":[{"href":"https:\/\/smile-killer.com\/en\/wp-json\/wp\/v2\/types\/product"}],"wp:featuredmedia":[{"embeddable":true,"href":"https:\/\/smile-killer.com\/en\/wp-json\/wp\/v2\/media\/2666"}],"wp:attachment":[{"href":"https:\/\/smile-killer.com\/en\/wp-json\/wp\/v2\/media?parent=2664"}],"wp:term":[{"taxonomy":"product_brand","embeddable":true,"href":"https:\/\/smile-killer.com\/en\/wp-json\/wp\/v2\/product_brand?post=2664"},{"taxonomy":"product_cat","embeddable":true,"href":"https:\/\/smile-killer.com\/en\/wp-json\/wp\/v2\/product_cat?post=2664"},{"taxonomy":"product_tag","embeddable":true,"href":"https:\/\/smile-killer.com\/en\/wp-json\/wp\/v2\/product_tag?post=2664"}],"curies":[{"name":"wp","href":"https:\/\/api.w.org\/{rel}","templated":true}]}}