{"id":2676,"date":"2025-08-23T17:17:52","date_gmt":"2025-08-23T15:17:52","guid":{"rendered":"https:\/\/smile-killer.com\/?post_type=product&#038;p=2676"},"modified":"2026-01-07T22:47:22","modified_gmt":"2026-01-07T21:47:22","slug":"sac-a-dos-smile-killer","status":"publish","type":"product","link":"https:\/\/smile-killer.com\/en\/product\/sac-a-dos-smile-killer\/","title":{"rendered":"Backpack \u00ab\u00a0Smile Killer\u00a0\u00bb"},"content":{"rendered":"<ul>\n<li>\u2060Fabriqu\u00e9 en nylon \u00e9pais et durable, parfait pour une utilisation prolong\u00e9e.<\/li>\n<li>Id\u00e9al pour l&rsquo;entra\u00eenement et les voyages (57X35X21)<\/li>\n<li>\u2060Deux compartiments principaux tr\u00e8s spacieux.<\/li>\n<li>Poche int\u00e9rieure suppl\u00e9mentaire en filet avec fermeture \u00e9clair pour les petits objets.<\/li>\n<li>Petite poche sur le devant et deux poches lat\u00e9rales spacieuses avec plusieurs compartiments zipp\u00e9s et isolation pour boissons fra\u00eeches.<\/li>\n<li>\u2060Compartiment imperm\u00e9able au bas du sac \u00e0 dos pour isoler les objets mouill\u00e9s.<\/li>\n<li>Grande capacit\u00e9 de 60 litres pour un rangement optimal.<\/li>\n<\/ul>","protected":false},"excerpt":{"rendered":"<p>Sac \u00e0 dos robuste de 60L en nylon \u00e9pais, id\u00e9al pour voyages et entra\u00eenements. Dot\u00e9 de deux grands compartiments, poches multiples (dont isol\u00e9es pour boissons), poche imperm\u00e9able pour affaires mouill\u00e9es et organisation optimale.<\/p>","protected":false},"featured_media":2677,"template":"","meta":{"_uag_custom_page_level_css":"","site-sidebar-layout":"default","site-content-layout":"","ast-site-content-layout":"default","site-content-style":"default","site-sidebar-style":"default","ast-global-header-display":"","ast-banner-title-visibility":"","ast-main-header-display":"","ast-hfb-above-header-display":"","ast-hfb-below-header-display":"","ast-hfb-mobile-header-display":"","site-post-title":"","ast-breadcrumbs-content":"","ast-featured-img":"","footer-sml-layout":"","theme-transparent-header-meta":"default","adv-header-id-meta":"","stick-header-meta":"","header-above-stick-meta":"","header-main-stick-meta":"","header-below-stick-meta":"","astra-migrate-meta-layouts":"set","ast-page-background-enabled":"default","ast-page-background-meta":{"desktop":{"background-color":"","background-image":"","background-repeat":"repeat","background-position":"center center","background-size":"auto","background-attachment":"scroll","background-type":"","background-media":"","overlay-type":"","overlay-color":"","overlay-opacity":"","overlay-gradient":""},"tablet":{"background-color":"","background-image":"","background-repeat":"repeat","background-position":"center center","background-size":"auto","background-attachment":"scroll","background-type":"","background-media":"","overlay-type":"","overlay-color":"","overlay-opacity":"","overlay-gradient":""},"mobile":{"background-color":"","background-image":"","background-repeat":"repeat","background-position":"center center","background-size":"auto","background-attachment":"scroll","background-type":"","background-media":"","overlay-type":"","overlay-color":"","overlay-opacity":"","overlay-gradient":""}},"ast-content-background-meta":{"desktop":{"background-color":"var(--ast-global-color-5)","background-image":"","background-repeat":"repeat","background-position":"center center","background-size":"auto","background-attachment":"scroll","background-type":"","background-media":"","overlay-type":"","overlay-color":"","overlay-opacity":"","overlay-gradient":""},"tablet":{"background-color":"var(--ast-global-color-5)","background-image":"","background-repeat":"repeat","background-position":"center center","background-size":"auto","background-attachment":"scroll","background-type":"","background-media":"","overlay-type":"","overlay-color":"","overlay-opacity":"","overlay-gradient":""},"mobile":{"background-color":"var(--ast-global-color-5)","background-image":"","background-repeat":"repeat","background-position":"center center","background-size":"auto","background-attachment":"scroll","background-type":"","background-media":"","overlay-type":"","overlay-color":"","overlay-opacity":"","overlay-gradient":""}}},"product_brand":[],"product_cat":[22],"product_tag":[],"class_list":{"0":"post-2676","1":"product","2":"type-product","3":"status-publish","4":"has-post-thumbnail","6":"product_cat-accessoires","7":"desktop-align-left","8":"tablet-align-left","9":"mobile-align-left","11":"first","12":"instock","13":"shipping-taxable","14":"purchasable","15":"product-type-simple"},"yoast_head":"<!-- This site is optimized with the Yoast SEO plugin v26.4 - https:\/\/yoast.com\/wordpress\/plugins\/seo\/ -->\n<title>Sac \u00e0 dos &quot;Smile Killer&quot; - Smile Killer<\/title>\n<meta name=\"robots\" content=\"index, follow, max-snippet:-1, max-image-preview:large, max-video-preview:-1\" \/>\n<link rel=\"canonical\" href=\"https:\/\/smile-killer.com\/en\/product\/sac-a-dos-smile-killer\/\" \/>\n<meta property=\"og:locale\" content=\"en_GB\" \/>\n<meta property=\"og:type\" content=\"article\" \/>\n<meta property=\"og:title\" content=\"Sac \u00e0 dos &quot;Smile Killer&quot; - Smile Killer\" \/>\n<meta property=\"og:description\" content=\"Sac \u00e0 dos robuste de 60L en nylon \u00e9pais, id\u00e9al pour voyages et entra\u00eenements. Dot\u00e9 de deux grands compartiments, poches multiples (dont isol\u00e9es pour boissons), poche imperm\u00e9able pour affaires mouill\u00e9es et organisation optimale.\" \/>\n<meta property=\"og:url\" content=\"https:\/\/smile-killer.com\/en\/product\/sac-a-dos-smile-killer\/\" \/>\n<meta property=\"og:site_name\" content=\"Smile Killer\" \/>\n<meta property=\"article:modified_time\" content=\"2026-01-07T21:47:22+00:00\" \/>\n<meta property=\"og:image\" content=\"https:\/\/smile-killer.com\/wp-content\/uploads\/2025\/08\/smile-killer-sac.jpg\" \/>\n\t<meta property=\"og:image:width\" content=\"512\" \/>\n\t<meta property=\"og:image:height\" content=\"512\" \/>\n\t<meta property=\"og:image:type\" content=\"image\/jpeg\" \/>\n<meta name=\"twitter:card\" content=\"summary_large_image\" \/>\n<script type=\"application\/ld+json\" class=\"yoast-schema-graph\">{\"@context\":\"https:\/\/schema.org\",\"@graph\":[{\"@type\":\"WebPage\",\"@id\":\"https:\/\/smile-killer.com\/produit\/sac-a-dos-smile-killer\/\",\"url\":\"https:\/\/smile-killer.com\/produit\/sac-a-dos-smile-killer\/\",\"name\":\"Sac \u00e0 dos \\\"Smile Killer\\\" - Smile Killer\",\"isPartOf\":{\"@id\":\"https:\/\/smile-killer.com\/#website\"},\"primaryImageOfPage\":{\"@id\":\"https:\/\/smile-killer.com\/produit\/sac-a-dos-smile-killer\/#primaryimage\"},\"image\":{\"@id\":\"https:\/\/smile-killer.com\/produit\/sac-a-dos-smile-killer\/#primaryimage\"},\"thumbnailUrl\":\"https:\/\/smile-killer.com\/wp-content\/uploads\/2025\/08\/smile-killer-sac.jpg\",\"datePublished\":\"2025-08-23T15:17:52+00:00\",\"dateModified\":\"2026-01-07T21:47:22+00:00\",\"breadcrumb\":{\"@id\":\"https:\/\/smile-killer.com\/produit\/sac-a-dos-smile-killer\/#breadcrumb\"},\"inLanguage\":\"en-GB\",\"potentialAction\":[{\"@type\":\"ReadAction\",\"target\":[\"https:\/\/smile-killer.com\/produit\/sac-a-dos-smile-killer\/\"]}]},{\"@type\":\"ImageObject\",\"inLanguage\":\"en-GB\",\"@id\":\"https:\/\/smile-killer.com\/produit\/sac-a-dos-smile-killer\/#primaryimage\",\"url\":\"https:\/\/smile-killer.com\/wp-content\/uploads\/2025\/08\/smile-killer-sac.jpg\",\"contentUrl\":\"https:\/\/smile-killer.com\/wp-content\/uploads\/2025\/08\/smile-killer-sac.jpg\",\"width\":512,\"height\":512},{\"@type\":\"BreadcrumbList\",\"@id\":\"https:\/\/smile-killer.com\/produit\/sac-a-dos-smile-killer\/#breadcrumb\",\"itemListElement\":[{\"@type\":\"ListItem\",\"position\":1,\"name\":\"Accueil\",\"item\":\"https:\/\/smile-killer.com\/\"},{\"@type\":\"ListItem\",\"position\":2,\"name\":\"Boutique\",\"item\":\"https:\/\/smile-killer.com\/boutique\/\"},{\"@type\":\"ListItem\",\"position\":3,\"name\":\"Sac \u00e0 dos \u00ab\u00a0Smile Killer\u00a0\u00bb\"}]},{\"@type\":\"WebSite\",\"@id\":\"https:\/\/smile-killer.com\/#website\",\"url\":\"https:\/\/smile-killer.com\/\",\"name\":\"Smile Killer\",\"description\":\"Con\u00e7u pour les combattants. Port\u00e9 par les l\u00e9gendes.\",\"publisher\":{\"@id\":\"https:\/\/smile-killer.com\/#organization\"},\"potentialAction\":[{\"@type\":\"SearchAction\",\"target\":{\"@type\":\"EntryPoint\",\"urlTemplate\":\"https:\/\/smile-killer.com\/?s={search_term_string}\"},\"query-input\":{\"@type\":\"PropertyValueSpecification\",\"valueRequired\":true,\"valueName\":\"search_term_string\"}}],\"inLanguage\":\"en-GB\"},{\"@type\":\"Organization\",\"@id\":\"https:\/\/smile-killer.com\/#organization\",\"name\":\"Smile Killer\",\"alternateName\":\"Smile Killer\",\"url\":\"https:\/\/smile-killer.com\/\",\"logo\":{\"@type\":\"ImageObject\",\"inLanguage\":\"en-GB\",\"@id\":\"https:\/\/smile-killer.com\/#\/schema\/logo\/image\/\",\"url\":\"https:\/\/smile-killer.com\/wp-content\/uploads\/2025\/01\/SK_noir_logo.png\",\"contentUrl\":\"https:\/\/smile-killer.com\/wp-content\/uploads\/2025\/01\/SK_noir_logo.png\",\"width\":1280,\"height\":719,\"caption\":\"Smile Killer\"},\"image\":{\"@id\":\"https:\/\/smile-killer.com\/#\/schema\/logo\/image\/\"},\"sameAs\":[\"https:\/\/www.instagram.com\/smilekiller_shop\/\"]}]}<\/script>\n<!-- \/ Yoast SEO plugin. -->","yoast_head_json":{"title":"Sac \u00e0 dos \"Smile Killer\" - Smile Killer","robots":{"index":"index","follow":"follow","max-snippet":"max-snippet:-1","max-image-preview":"max-image-preview:large","max-video-preview":"max-video-preview:-1"},"canonical":"https:\/\/smile-killer.com\/en\/product\/sac-a-dos-smile-killer\/","og_locale":"en_GB","og_type":"article","og_title":"Sac \u00e0 dos \"Smile Killer\" - Smile Killer","og_description":"Sac \u00e0 dos robuste de 60L en nylon \u00e9pais, id\u00e9al pour voyages et entra\u00eenements. Dot\u00e9 de deux grands compartiments, poches multiples (dont isol\u00e9es pour boissons), poche imperm\u00e9able pour affaires mouill\u00e9es et organisation optimale.","og_url":"https:\/\/smile-killer.com\/en\/product\/sac-a-dos-smile-killer\/","og_site_name":"Smile Killer","article_modified_time":"2026-01-07T21:47:22+00:00","og_image":[{"width":512,"height":512,"url":"https:\/\/smile-killer.com\/wp-content\/uploads\/2025\/08\/smile-killer-sac.jpg","type":"image\/jpeg"}],"twitter_card":"summary_large_image","schema":{"@context":"https:\/\/schema.org","@graph":[{"@type":"WebPage","@id":"https:\/\/smile-killer.com\/produit\/sac-a-dos-smile-killer\/","url":"https:\/\/smile-killer.com\/produit\/sac-a-dos-smile-killer\/","name":"Sac \u00e0 dos \"Smile Killer\" - Smile Killer","isPartOf":{"@id":"https:\/\/smile-killer.com\/#website"},"primaryImageOfPage":{"@id":"https:\/\/smile-killer.com\/produit\/sac-a-dos-smile-killer\/#primaryimage"},"image":{"@id":"https:\/\/smile-killer.com\/produit\/sac-a-dos-smile-killer\/#primaryimage"},"thumbnailUrl":"https:\/\/smile-killer.com\/wp-content\/uploads\/2025\/08\/smile-killer-sac.jpg","datePublished":"2025-08-23T15:17:52+00:00","dateModified":"2026-01-07T21:47:22+00:00","breadcrumb":{"@id":"https:\/\/smile-killer.com\/produit\/sac-a-dos-smile-killer\/#breadcrumb"},"inLanguage":"en-GB","potentialAction":[{"@type":"ReadAction","target":["https:\/\/smile-killer.com\/produit\/sac-a-dos-smile-killer\/"]}]},{"@type":"ImageObject","inLanguage":"en-GB","@id":"https:\/\/smile-killer.com\/produit\/sac-a-dos-smile-killer\/#primaryimage","url":"https:\/\/smile-killer.com\/wp-content\/uploads\/2025\/08\/smile-killer-sac.jpg","contentUrl":"https:\/\/smile-killer.com\/wp-content\/uploads\/2025\/08\/smile-killer-sac.jpg","width":512,"height":512},{"@type":"BreadcrumbList","@id":"https:\/\/smile-killer.com\/produit\/sac-a-dos-smile-killer\/#breadcrumb","itemListElement":[{"@type":"ListItem","position":1,"name":"Accueil","item":"https:\/\/smile-killer.com\/"},{"@type":"ListItem","position":2,"name":"Boutique","item":"https:\/\/smile-killer.com\/boutique\/"},{"@type":"ListItem","position":3,"name":"Sac \u00e0 dos \u00ab\u00a0Smile Killer\u00a0\u00bb"}]},{"@type":"WebSite","@id":"https:\/\/smile-killer.com\/#website","url":"https:\/\/smile-killer.com\/","name":"Smile Killer","description":"Gear up like a fighter. Dress like a legend.","publisher":{"@id":"https:\/\/smile-killer.com\/#organization"},"potentialAction":[{"@type":"SearchAction","target":{"@type":"EntryPoint","urlTemplate":"https:\/\/smile-killer.com\/?s={search_term_string}"},"query-input":{"@type":"PropertyValueSpecification","valueRequired":true,"valueName":"search_term_string"}}],"inLanguage":"en-GB"},{"@type":"Organization","@id":"https:\/\/smile-killer.com\/#organization","name":"Smile Killer","alternateName":"Smile Killer","url":"https:\/\/smile-killer.com\/","logo":{"@type":"ImageObject","inLanguage":"en-GB","@id":"https:\/\/smile-killer.com\/#\/schema\/logo\/image\/","url":"https:\/\/smile-killer.com\/wp-content\/uploads\/2025\/01\/SK_noir_logo.png","contentUrl":"https:\/\/smile-killer.com\/wp-content\/uploads\/2025\/01\/SK_noir_logo.png","width":1280,"height":719,"caption":"Smile Killer"},"image":{"@id":"https:\/\/smile-killer.com\/#\/schema\/logo\/image\/"},"sameAs":["https:\/\/www.instagram.com\/smilekiller_shop\/"]}]}},"uagb_featured_image_src":{"full":["https:\/\/smile-killer.com\/wp-content\/uploads\/2025\/08\/smile-killer-sac.jpg",512,512,false],"thumbnail":["https:\/\/smile-killer.com\/wp-content\/uploads\/2025\/08\/smile-killer-sac-150x150.jpg",150,150,true],"medium":["https:\/\/smile-killer.com\/wp-content\/uploads\/2025\/08\/smile-killer-sac-300x300.jpg",300,300,true],"medium_large":["https:\/\/smile-killer.com\/wp-content\/uploads\/2025\/08\/smile-killer-sac.jpg",512,512,false],"large":["https:\/\/smile-killer.com\/wp-content\/uploads\/2025\/08\/smile-killer-sac.jpg",512,512,false],"1536x1536":["https:\/\/smile-killer.com\/wp-content\/uploads\/2025\/08\/smile-killer-sac.jpg",512,512,false],"2048x2048":["https:\/\/smile-killer.com\/wp-content\/uploads\/2025\/08\/smile-killer-sac.jpg",512,512,false],"trp-custom-language-flag":["https:\/\/smile-killer.com\/wp-content\/uploads\/2025\/08\/smile-killer-sac-12x12.jpg",12,12,true],"woocommerce_thumbnail":["https:\/\/smile-killer.com\/wp-content\/uploads\/2025\/08\/smile-killer-sac.jpg",512,512,false],"woocommerce_single":["https:\/\/smile-killer.com\/wp-content\/uploads\/2025\/08\/smile-killer-sac.jpg",512,512,false],"woocommerce_gallery_thumbnail":["https:\/\/smile-killer.com\/wp-content\/uploads\/2025\/08\/smile-killer-sac-100x100.jpg",100,100,true]},"uagb_author_info":{"display_name":"admin6485","author_link":"https:\/\/smile-killer.com\/en\/author\/"},"uagb_comment_info":0,"uagb_excerpt":"Sac \u00e0 dos robuste de 60L en nylon \u00e9pais, id\u00e9al pour voyages et entra\u00eenements. Dot\u00e9 de deux grands compartiments, poches multiples (dont isol\u00e9es pour boissons), poche imperm\u00e9able pour affaires mouill\u00e9es et organisation optimale.","_links":{"self":[{"href":"https:\/\/smile-killer.com\/en\/wp-json\/wp\/v2\/product\/2676","targetHints":{"allow":["GET"]}}],"collection":[{"href":"https:\/\/smile-killer.com\/en\/wp-json\/wp\/v2\/product"}],"about":[{"href":"https:\/\/smile-killer.com\/en\/wp-json\/wp\/v2\/types\/product"}],"wp:featuredmedia":[{"embeddable":true,"href":"https:\/\/smile-killer.com\/en\/wp-json\/wp\/v2\/media\/2677"}],"wp:attachment":[{"href":"https:\/\/smile-killer.com\/en\/wp-json\/wp\/v2\/media?parent=2676"}],"wp:term":[{"taxonomy":"product_brand","embeddable":true,"href":"https:\/\/smile-killer.com\/en\/wp-json\/wp\/v2\/product_brand?post=2676"},{"taxonomy":"product_cat","embeddable":true,"href":"https:\/\/smile-killer.com\/en\/wp-json\/wp\/v2\/product_cat?post=2676"},{"taxonomy":"product_tag","embeddable":true,"href":"https:\/\/smile-killer.com\/en\/wp-json\/wp\/v2\/product_tag?post=2676"}],"curies":[{"name":"wp","href":"https:\/\/api.w.org\/{rel}","templated":true}]}}