{"id":2788,"date":"2025-11-27T23:05:17","date_gmt":"2025-11-27T22:05:17","guid":{"rendered":"https:\/\/smile-killer.com\/?post_type=product&#038;p=2788"},"modified":"2026-01-26T23:16:22","modified_gmt":"2026-01-26T22:16:22","slug":"sweat-ufc-323-welcome-to-smile-killer","status":"publish","type":"product","link":"https:\/\/smile-killer.com\/en\/product\/sweat-ufc-323-welcome-to-smile-killer\/","title":{"rendered":"Sweat UFC 323 \u00ab\u00a0Welcome to Smile Killer\u00a0\u00bb"},"content":{"rendered":"<p>Sweat \u00e0 capuche JACK&amp;JONES &#8211; poche kangourou &#8211; int\u00e9rieur bross\u00e9. Bords c\u00f4te \u00e0 la taille et aux manches. Capuche avec cordon de serrage avec embouts en m\u00e9tal. Coupe ample.<\/p>\n<p>Caract\u00e9ristiques :<\/p>\n<ul>\n<li>Grammage : 400 g\/m<sup>2<\/sup><\/li>\n<li>Mati\u00e8re : 100% coton organique<\/li>\n<\/ul>\n<p><img loading=\"lazy\" decoding=\"async\" class=\"alignnone wp-image-2670\" src=\"https:\/\/smile-killer.com\/wp-content\/uploads\/2025\/08\/washing-300x300.png\" alt=\"\" width=\"48\" height=\"48\" srcset=\"https:\/\/smile-killer.com\/wp-content\/uploads\/2025\/08\/washing-300x300.png 300w, https:\/\/smile-killer.com\/wp-content\/uploads\/2025\/08\/washing-100x100.png 100w, https:\/\/smile-killer.com\/wp-content\/uploads\/2025\/08\/washing-150x150.png 150w, https:\/\/smile-killer.com\/wp-content\/uploads\/2025\/08\/washing-12x12.png 12w, https:\/\/smile-killer.com\/wp-content\/uploads\/2025\/08\/washing.png 512w\" sizes=\"auto, (max-width: 48px) 100vw, 48px\" \/><img loading=\"lazy\" decoding=\"async\" class=\"alignnone wp-image-2671\" src=\"https:\/\/smile-killer.com\/wp-content\/uploads\/2025\/08\/biographie-300x300.png\" alt=\"\" width=\"48\" height=\"48\" srcset=\"https:\/\/smile-killer.com\/wp-content\/uploads\/2025\/08\/biographie-300x300.png 300w, https:\/\/smile-killer.com\/wp-content\/uploads\/2025\/08\/biographie-100x100.png 100w, https:\/\/smile-killer.com\/wp-content\/uploads\/2025\/08\/biographie-150x150.png 150w, https:\/\/smile-killer.com\/wp-content\/uploads\/2025\/08\/biographie-12x12.png 12w, https:\/\/smile-killer.com\/wp-content\/uploads\/2025\/08\/biographie.png 512w\" sizes=\"auto, (max-width: 48px) 100vw, 48px\" \/><\/p>","protected":false},"excerpt":{"rendered":"<p>Sweat \u00e0 capuche &#8211; Coupe ample.<\/p>\n<p>&nbsp;<\/p>","protected":false},"featured_media":2789,"template":"","meta":{"_uag_custom_page_level_css":"","site-sidebar-layout":"default","site-content-layout":"","ast-site-content-layout":"default","site-content-style":"default","site-sidebar-style":"default","ast-global-header-display":"","ast-banner-title-visibility":"","ast-main-header-display":"","ast-hfb-above-header-display":"","ast-hfb-below-header-display":"","ast-hfb-mobile-header-display":"","site-post-title":"","ast-breadcrumbs-content":"","ast-featured-img":"","footer-sml-layout":"","theme-transparent-header-meta":"default","adv-header-id-meta":"","stick-header-meta":"","header-above-stick-meta":"","header-main-stick-meta":"","header-below-stick-meta":"","astra-migrate-meta-layouts":"set","ast-page-background-enabled":"default","ast-page-background-meta":{"desktop":{"background-color":"","background-image":"","background-repeat":"repeat","background-position":"center center","background-size":"auto","background-attachment":"scroll","background-type":"","background-media":"","overlay-type":"","overlay-color":"","overlay-opacity":"","overlay-gradient":""},"tablet":{"background-color":"","background-image":"","background-repeat":"repeat","background-position":"center center","background-size":"auto","background-attachment":"scroll","background-type":"","background-media":"","overlay-type":"","overlay-color":"","overlay-opacity":"","overlay-gradient":""},"mobile":{"background-color":"","background-image":"","background-repeat":"repeat","background-position":"center center","background-size":"auto","background-attachment":"scroll","background-type":"","background-media":"","overlay-type":"","overlay-color":"","overlay-opacity":"","overlay-gradient":""}},"ast-content-background-meta":{"desktop":{"background-color":"var(--ast-global-color-5)","background-image":"","background-repeat":"repeat","background-position":"center center","background-size":"auto","background-attachment":"scroll","background-type":"","background-media":"","overlay-type":"","overlay-color":"","overlay-opacity":"","overlay-gradient":""},"tablet":{"background-color":"var(--ast-global-color-5)","background-image":"","background-repeat":"repeat","background-position":"center center","background-size":"auto","background-attachment":"scroll","background-type":"","background-media":"","overlay-type":"","overlay-color":"","overlay-opacity":"","overlay-gradient":""},"mobile":{"background-color":"var(--ast-global-color-5)","background-image":"","background-repeat":"repeat","background-position":"center center","background-size":"auto","background-attachment":"scroll","background-type":"","background-media":"","overlay-type":"","overlay-color":"","overlay-opacity":"","overlay-gradient":""}}},"product_brand":[],"product_cat":[71],"product_tag":[],"class_list":{"0":"post-2788","1":"product","2":"type-product","3":"status-publish","4":"has-post-thumbnail","6":"product_cat-sweat","7":"desktop-align-left","8":"tablet-align-left","9":"mobile-align-left","11":"first","12":"instock","13":"shipping-taxable","14":"purchasable","15":"product-type-variable"},"yoast_head":"<!-- This site is optimized with the Yoast SEO plugin v26.4 - https:\/\/yoast.com\/wordpress\/plugins\/seo\/ -->\n<title>Sweat UFC 323 &quot;Welcome to Smile Killer&quot; - Smile Killer<\/title>\n<meta name=\"robots\" content=\"index, follow, max-snippet:-1, max-image-preview:large, max-video-preview:-1\" \/>\n<link rel=\"canonical\" href=\"https:\/\/smile-killer.com\/en\/product\/sweat-ufc-323-welcome-to-smile-killer\/\" \/>\n<meta property=\"og:locale\" content=\"en_GB\" \/>\n<meta property=\"og:type\" content=\"article\" \/>\n<meta property=\"og:title\" content=\"Sweat UFC 323 &quot;Welcome to Smile Killer&quot; - Smile Killer\" \/>\n<meta property=\"og:description\" content=\"Sweat \u00e0 capuche - Coupe ample.  &nbsp;\" \/>\n<meta property=\"og:url\" content=\"https:\/\/smile-killer.com\/en\/product\/sweat-ufc-323-welcome-to-smile-killer\/\" \/>\n<meta property=\"og:site_name\" content=\"Smile Killer\" \/>\n<meta property=\"article:modified_time\" content=\"2026-01-26T22:16:22+00:00\" \/>\n<meta property=\"og:image\" content=\"https:\/\/smile-killer.com\/wp-content\/uploads\/2025\/11\/VEGAS_SWEAT_BACK.png\" \/>\n\t<meta property=\"og:image:width\" content=\"1417\" \/>\n\t<meta property=\"og:image:height\" content=\"1240\" \/>\n\t<meta property=\"og:image:type\" content=\"image\/png\" \/>\n<meta name=\"twitter:card\" content=\"summary_large_image\" \/>\n<meta name=\"twitter:label1\" content=\"Estimated reading time\" \/>\n\t<meta name=\"twitter:data1\" content=\"1 minute\" \/>\n<script type=\"application\/ld+json\" class=\"yoast-schema-graph\">{\"@context\":\"https:\/\/schema.org\",\"@graph\":[{\"@type\":\"WebPage\",\"@id\":\"https:\/\/smile-killer.com\/produit\/sweat-ufc-323-welcome-to-smile-killer\/\",\"url\":\"https:\/\/smile-killer.com\/produit\/sweat-ufc-323-welcome-to-smile-killer\/\",\"name\":\"Sweat UFC 323 \\\"Welcome to Smile Killer\\\" - Smile Killer\",\"isPartOf\":{\"@id\":\"https:\/\/smile-killer.com\/#website\"},\"primaryImageOfPage\":{\"@id\":\"https:\/\/smile-killer.com\/produit\/sweat-ufc-323-welcome-to-smile-killer\/#primaryimage\"},\"image\":{\"@id\":\"https:\/\/smile-killer.com\/produit\/sweat-ufc-323-welcome-to-smile-killer\/#primaryimage\"},\"thumbnailUrl\":\"https:\/\/smile-killer.com\/wp-content\/uploads\/2025\/11\/VEGAS_SWEAT_BACK.png\",\"datePublished\":\"2025-11-27T22:05:17+00:00\",\"dateModified\":\"2026-01-26T22:16:22+00:00\",\"breadcrumb\":{\"@id\":\"https:\/\/smile-killer.com\/produit\/sweat-ufc-323-welcome-to-smile-killer\/#breadcrumb\"},\"inLanguage\":\"en-GB\",\"potentialAction\":[{\"@type\":\"ReadAction\",\"target\":[\"https:\/\/smile-killer.com\/produit\/sweat-ufc-323-welcome-to-smile-killer\/\"]}]},{\"@type\":\"ImageObject\",\"inLanguage\":\"en-GB\",\"@id\":\"https:\/\/smile-killer.com\/produit\/sweat-ufc-323-welcome-to-smile-killer\/#primaryimage\",\"url\":\"https:\/\/smile-killer.com\/wp-content\/uploads\/2025\/11\/VEGAS_SWEAT_BACK.png\",\"contentUrl\":\"https:\/\/smile-killer.com\/wp-content\/uploads\/2025\/11\/VEGAS_SWEAT_BACK.png\",\"width\":1417,\"height\":1240},{\"@type\":\"BreadcrumbList\",\"@id\":\"https:\/\/smile-killer.com\/produit\/sweat-ufc-323-welcome-to-smile-killer\/#breadcrumb\",\"itemListElement\":[{\"@type\":\"ListItem\",\"position\":1,\"name\":\"Accueil\",\"item\":\"https:\/\/smile-killer.com\/\"},{\"@type\":\"ListItem\",\"position\":2,\"name\":\"Boutique\",\"item\":\"https:\/\/smile-killer.com\/boutique\/\"},{\"@type\":\"ListItem\",\"position\":3,\"name\":\"Sweat UFC 323 \u00ab\u00a0Welcome to Smile Killer\u00a0\u00bb\"}]},{\"@type\":\"WebSite\",\"@id\":\"https:\/\/smile-killer.com\/#website\",\"url\":\"https:\/\/smile-killer.com\/\",\"name\":\"Smile Killer\",\"description\":\"Con\u00e7u pour les combattants. Port\u00e9 par les l\u00e9gendes.\",\"publisher\":{\"@id\":\"https:\/\/smile-killer.com\/#organization\"},\"potentialAction\":[{\"@type\":\"SearchAction\",\"target\":{\"@type\":\"EntryPoint\",\"urlTemplate\":\"https:\/\/smile-killer.com\/?s={search_term_string}\"},\"query-input\":{\"@type\":\"PropertyValueSpecification\",\"valueRequired\":true,\"valueName\":\"search_term_string\"}}],\"inLanguage\":\"en-GB\"},{\"@type\":\"Organization\",\"@id\":\"https:\/\/smile-killer.com\/#organization\",\"name\":\"Smile Killer\",\"alternateName\":\"Smile Killer\",\"url\":\"https:\/\/smile-killer.com\/\",\"logo\":{\"@type\":\"ImageObject\",\"inLanguage\":\"en-GB\",\"@id\":\"https:\/\/smile-killer.com\/#\/schema\/logo\/image\/\",\"url\":\"https:\/\/smile-killer.com\/wp-content\/uploads\/2025\/01\/SK_noir_logo.png\",\"contentUrl\":\"https:\/\/smile-killer.com\/wp-content\/uploads\/2025\/01\/SK_noir_logo.png\",\"width\":1280,\"height\":719,\"caption\":\"Smile Killer\"},\"image\":{\"@id\":\"https:\/\/smile-killer.com\/#\/schema\/logo\/image\/\"},\"sameAs\":[\"https:\/\/www.instagram.com\/smilekiller_shop\/\"]}]}<\/script>\n<!-- \/ Yoast SEO plugin. -->","yoast_head_json":{"title":"Sweat UFC 323 \"Welcome to Smile Killer\" - Smile Killer","robots":{"index":"index","follow":"follow","max-snippet":"max-snippet:-1","max-image-preview":"max-image-preview:large","max-video-preview":"max-video-preview:-1"},"canonical":"https:\/\/smile-killer.com\/en\/product\/sweat-ufc-323-welcome-to-smile-killer\/","og_locale":"en_GB","og_type":"article","og_title":"Sweat UFC 323 \"Welcome to Smile Killer\" - Smile Killer","og_description":"Sweat \u00e0 capuche - Coupe ample.  &nbsp;","og_url":"https:\/\/smile-killer.com\/en\/product\/sweat-ufc-323-welcome-to-smile-killer\/","og_site_name":"Smile Killer","article_modified_time":"2026-01-26T22:16:22+00:00","og_image":[{"width":1417,"height":1240,"url":"https:\/\/smile-killer.com\/wp-content\/uploads\/2025\/11\/VEGAS_SWEAT_BACK.png","type":"image\/png"}],"twitter_card":"summary_large_image","twitter_misc":{"Estimated reading time":"1 minute"},"schema":{"@context":"https:\/\/schema.org","@graph":[{"@type":"WebPage","@id":"https:\/\/smile-killer.com\/produit\/sweat-ufc-323-welcome-to-smile-killer\/","url":"https:\/\/smile-killer.com\/produit\/sweat-ufc-323-welcome-to-smile-killer\/","name":"Sweat UFC 323 \"Welcome to Smile Killer\" - Smile Killer","isPartOf":{"@id":"https:\/\/smile-killer.com\/#website"},"primaryImageOfPage":{"@id":"https:\/\/smile-killer.com\/produit\/sweat-ufc-323-welcome-to-smile-killer\/#primaryimage"},"image":{"@id":"https:\/\/smile-killer.com\/produit\/sweat-ufc-323-welcome-to-smile-killer\/#primaryimage"},"thumbnailUrl":"https:\/\/smile-killer.com\/wp-content\/uploads\/2025\/11\/VEGAS_SWEAT_BACK.png","datePublished":"2025-11-27T22:05:17+00:00","dateModified":"2026-01-26T22:16:22+00:00","breadcrumb":{"@id":"https:\/\/smile-killer.com\/produit\/sweat-ufc-323-welcome-to-smile-killer\/#breadcrumb"},"inLanguage":"en-GB","potentialAction":[{"@type":"ReadAction","target":["https:\/\/smile-killer.com\/produit\/sweat-ufc-323-welcome-to-smile-killer\/"]}]},{"@type":"ImageObject","inLanguage":"en-GB","@id":"https:\/\/smile-killer.com\/produit\/sweat-ufc-323-welcome-to-smile-killer\/#primaryimage","url":"https:\/\/smile-killer.com\/wp-content\/uploads\/2025\/11\/VEGAS_SWEAT_BACK.png","contentUrl":"https:\/\/smile-killer.com\/wp-content\/uploads\/2025\/11\/VEGAS_SWEAT_BACK.png","width":1417,"height":1240},{"@type":"BreadcrumbList","@id":"https:\/\/smile-killer.com\/produit\/sweat-ufc-323-welcome-to-smile-killer\/#breadcrumb","itemListElement":[{"@type":"ListItem","position":1,"name":"Accueil","item":"https:\/\/smile-killer.com\/"},{"@type":"ListItem","position":2,"name":"Boutique","item":"https:\/\/smile-killer.com\/boutique\/"},{"@type":"ListItem","position":3,"name":"Sweat UFC 323 \u00ab\u00a0Welcome to Smile Killer\u00a0\u00bb"}]},{"@type":"WebSite","@id":"https:\/\/smile-killer.com\/#website","url":"https:\/\/smile-killer.com\/","name":"Smile Killer","description":"Gear up like a fighter. Dress like a legend.","publisher":{"@id":"https:\/\/smile-killer.com\/#organization"},"potentialAction":[{"@type":"SearchAction","target":{"@type":"EntryPoint","urlTemplate":"https:\/\/smile-killer.com\/?s={search_term_string}"},"query-input":{"@type":"PropertyValueSpecification","valueRequired":true,"valueName":"search_term_string"}}],"inLanguage":"en-GB"},{"@type":"Organization","@id":"https:\/\/smile-killer.com\/#organization","name":"Smile Killer","alternateName":"Smile Killer","url":"https:\/\/smile-killer.com\/","logo":{"@type":"ImageObject","inLanguage":"en-GB","@id":"https:\/\/smile-killer.com\/#\/schema\/logo\/image\/","url":"https:\/\/smile-killer.com\/wp-content\/uploads\/2025\/01\/SK_noir_logo.png","contentUrl":"https:\/\/smile-killer.com\/wp-content\/uploads\/2025\/01\/SK_noir_logo.png","width":1280,"height":719,"caption":"Smile Killer"},"image":{"@id":"https:\/\/smile-killer.com\/#\/schema\/logo\/image\/"},"sameAs":["https:\/\/www.instagram.com\/smilekiller_shop\/"]}]}},"uagb_featured_image_src":{"full":["https:\/\/smile-killer.com\/wp-content\/uploads\/2025\/11\/VEGAS_SWEAT_BACK.png",1417,1240,false],"thumbnail":["https:\/\/smile-killer.com\/wp-content\/uploads\/2025\/11\/VEGAS_SWEAT_BACK-150x150.png",150,150,true],"medium":["https:\/\/smile-killer.com\/wp-content\/uploads\/2025\/11\/VEGAS_SWEAT_BACK-300x263.png",300,263,true],"medium_large":["https:\/\/smile-killer.com\/wp-content\/uploads\/2025\/11\/VEGAS_SWEAT_BACK-768x672.png",768,672,true],"large":["https:\/\/smile-killer.com\/wp-content\/uploads\/2025\/11\/VEGAS_SWEAT_BACK-1024x896.png",1024,896,true],"1536x1536":["https:\/\/smile-killer.com\/wp-content\/uploads\/2025\/11\/VEGAS_SWEAT_BACK.png",1417,1240,false],"2048x2048":["https:\/\/smile-killer.com\/wp-content\/uploads\/2025\/11\/VEGAS_SWEAT_BACK.png",1417,1240,false],"trp-custom-language-flag":["https:\/\/smile-killer.com\/wp-content\/uploads\/2025\/11\/VEGAS_SWEAT_BACK-14x12.png",14,12,true],"woocommerce_thumbnail":["https:\/\/smile-killer.com\/wp-content\/uploads\/2025\/11\/VEGAS_SWEAT_BACK-900x900.png",900,900,true],"woocommerce_single":["https:\/\/smile-killer.com\/wp-content\/uploads\/2025\/11\/VEGAS_SWEAT_BACK-600x525.png",600,525,true],"woocommerce_gallery_thumbnail":["https:\/\/smile-killer.com\/wp-content\/uploads\/2025\/11\/VEGAS_SWEAT_BACK-100x100.png",100,100,true]},"uagb_author_info":{"display_name":"admin6485","author_link":"https:\/\/smile-killer.com\/en\/author\/"},"uagb_comment_info":0,"uagb_excerpt":"Sweat \u00e0 capuche - Coupe ample. &nbsp;","_links":{"self":[{"href":"https:\/\/smile-killer.com\/en\/wp-json\/wp\/v2\/product\/2788","targetHints":{"allow":["GET"]}}],"collection":[{"href":"https:\/\/smile-killer.com\/en\/wp-json\/wp\/v2\/product"}],"about":[{"href":"https:\/\/smile-killer.com\/en\/wp-json\/wp\/v2\/types\/product"}],"wp:featuredmedia":[{"embeddable":true,"href":"https:\/\/smile-killer.com\/en\/wp-json\/wp\/v2\/media\/2789"}],"wp:attachment":[{"href":"https:\/\/smile-killer.com\/en\/wp-json\/wp\/v2\/media?parent=2788"}],"wp:term":[{"taxonomy":"product_brand","embeddable":true,"href":"https:\/\/smile-killer.com\/en\/wp-json\/wp\/v2\/product_brand?post=2788"},{"taxonomy":"product_cat","embeddable":true,"href":"https:\/\/smile-killer.com\/en\/wp-json\/wp\/v2\/product_cat?post=2788"},{"taxonomy":"product_tag","embeddable":true,"href":"https:\/\/smile-killer.com\/en\/wp-json\/wp\/v2\/product_tag?post=2788"}],"curies":[{"name":"wp","href":"https:\/\/api.w.org\/{rel}","templated":true}]}}